{"id":1000033,"date":"2025-12-06T12:07:05","date_gmt":"2025-12-06T12:07:05","guid":{"rendered":"https:\/\/cucharatenedor.com\/?post_type=product&#038;p=1000033"},"modified":"2026-04-19T19:45:38","modified_gmt":"2026-04-19T19:45:38","slug":"whale-tail-bracelet-with-alpaca-details-siwa-model","status":"publish","type":"product","link":"https:\/\/cucharatenedor.com\/en\/pulsera-cola-de-ballena-con-detalles-en-alpaca-modelo-siwa\/","title":{"rendered":"Whale tail bracelet model Siwa"},"content":{"rendered":"<p>Pulsera ajustable creada a mano con una cuchara antigua de alpaca con unos detalles en el mango. El dise\u00f1o de la cola de ballena o sirena est\u00e1 creado utilizando la parte c\u00f3ncava de la cuchara para crear la forma de cola. Al estar creadas a mano, todas las piezas tienen algo que las hace especiales y \u00fanicas.<\/p>\n<p>This whale tail or mermaid bracelet model is also available in other materials such as silver or brass. All of them feature different antique-style details or are even plain.<\/p>\n<p>It has a matte finish, so if you would prefer your bracelet to be shiny, please mention this when placing your order. However, as it is made from nickel silver, it will never have the same shine as silver or steel.<\/p>\n<p>This bracelet is designed to be worn on the forearm or wrist, either on its own or combined with other bracelets. You can decide where on your forearm you want to wear it, simply adjusting it to suit your preference.<\/p>\n<p>&nbsp;<\/p>","protected":false},"excerpt":{"rendered":"<p>Pulsera ajustable creada a mano con una cuchara antigua de alpaca con unos detalles en el mango. El dise\u00f1o de la cola de ballena o sirena est\u00e1 creado utilizando la parte c\u00f3ncava de la cuchara para crear la forma de cola. Al estar creadas a mano, todas las piezas tienen algo que las hace especiales [&hellip;]<\/p>\n","protected":false},"featured_media":1000143,"comment_status":"closed","ping_status":"closed","template":"","meta":[],"product_brand":[],"product_cat":[83,84,148],"product_tag":[149,150,151,87,152,153,154,74,155,143,156,75,77,157,144,119,90,145,158,134,91,159,92],"class_list":{"0":"post-1000033","1":"product","2":"type-product","3":"status-publish","4":"has-post-thumbnail","6":"product_cat-alpaca","7":"product_cat-mermaid-feelings","8":"product_cat-pulseras","9":"product_tag-ajustable","10":"product_tag-bracelet","11":"product_tag-brazalete","12":"product_tag-cola-de-ballena","13":"product_tag-cuberteria-antigua","14":"product_tag-cuchara-reciclada","15":"product_tag-cuchara-sopera","16":"product_tag-cuchara-tenedor","17":"product_tag-detalle-cubierto","18":"product_tag-detalles","19":"product_tag-detalles-antiguos","20":"product_tag-hecho-a-mano","21":"product_tag-joyeria","22":"product_tag-joyeria-reciclando","23":"product_tag-mango","24":"product_tag-mermaid","25":"product_tag-oceano","26":"product_tag-plata","27":"product_tag-pulsera","28":"product_tag-reciclaje-creativo","29":"product_tag-sirena","30":"product_tag-sirenas","31":"product_tag-whale-tale","33":"first","34":"instock","35":"shipping-taxable","36":"purchasable","37":"product-type-simple"},"_links":{"self":[{"href":"https:\/\/cucharatenedor.com\/en\/wp-json\/wp\/v2\/product\/1000033","targetHints":{"allow":["GET"]}}],"collection":[{"href":"https:\/\/cucharatenedor.com\/en\/wp-json\/wp\/v2\/product"}],"about":[{"href":"https:\/\/cucharatenedor.com\/en\/wp-json\/wp\/v2\/types\/product"}],"replies":[{"embeddable":true,"href":"https:\/\/cucharatenedor.com\/en\/wp-json\/wp\/v2\/comments?post=1000033"}],"wp:featuredmedia":[{"embeddable":true,"href":"https:\/\/cucharatenedor.com\/en\/wp-json\/wp\/v2\/media\/1000143"}],"wp:attachment":[{"href":"https:\/\/cucharatenedor.com\/en\/wp-json\/wp\/v2\/media?parent=1000033"}],"wp:term":[{"taxonomy":"product_brand","embeddable":true,"href":"https:\/\/cucharatenedor.com\/en\/wp-json\/wp\/v2\/product_brand?post=1000033"},{"taxonomy":"product_cat","embeddable":true,"href":"https:\/\/cucharatenedor.com\/en\/wp-json\/wp\/v2\/product_cat?post=1000033"},{"taxonomy":"product_tag","embeddable":true,"href":"https:\/\/cucharatenedor.com\/en\/wp-json\/wp\/v2\/product_tag?post=1000033"}],"curies":[{"name":"wp","href":"https:\/\/api.w.org\/{rel}","templated":true}]}}