{"id":1000035,"date":"2025-12-06T12:07:06","date_gmt":"2025-12-06T12:07:06","guid":{"rendered":"https:\/\/cucharatenedor.com\/?post_type=product&#038;p=1000035"},"modified":"2026-04-19T19:43:57","modified_gmt":"2026-04-19T19:43:57","slug":"whale-bracelet-with-silver-plated-detail-kundala-model","status":"publish","type":"product","link":"https:\/\/cucharatenedor.com\/en\/pulsera-ballena-con-detalle-bano-en-plata-modelo-kundala\/","title":{"rendered":"Whale bracelet with silver-plated detail, Kundala model"},"content":{"rendered":"<p>Pulsera Brazalete creada a mano con una cuchara antigua de entrem\u00e9s o sopera creada en alpaca ba\u00f1ada en plata, utilizando la parte c\u00f3ncava de la cuchara para crear la forma de cola de ballena o de sirena. La alpaca es aleaci\u00f3n formada por cobre, zinc y n\u00edquel) cuyo tono es m\u00e1s gris\u00e1ceo que la plata, hay personas que por el \u00faltimo componente de la alpaca, el n\u00edquel pueden tener alergia a este material en contacto con la piel por lo que si fuera este el caso te recomiendo que escojas otro material, lo puedes encontrar en otros materiales como la plata pero los detalles antiguos ser\u00edan diferentes. En este caso el dise\u00f1o de la pulsera est\u00e1 creado con una cuchara ba\u00f1ada en plata, y lleva unos detalles que la hace muy bonita y \u00fanica.<\/p>\n<p>As it is made with a dessert spoon, it is smaller than normal bracelets, which is why this piece of jewellery is designed to be worn on the wrist or slightly higher up on the wrist. Remember that this bracelet can be adjusted and that, as they are handmade, all the pieces have something that makes them special and unique, especially the shape of the whale's tail. I draw them all with the same template but cut them with a radial saw and sand them by hand, so they are handmade pieces and all of them will be different, unique and special.\u00a0The finish of this piece is matte, so if you prefer your bracelet to be shiny, please make a comment when placing your order.<\/p>\n<p>Si prefieres uno de los dos tama\u00f1os pon una nota a la hora de hacer tu pedido.<\/p>\n<p>&nbsp;<\/p>","protected":false},"excerpt":{"rendered":"<p>Pulsera Brazalete creada a mano con una cuchara antigua de entrem\u00e9s o sopera creada en alpaca ba\u00f1ada en plata, utilizando la parte c\u00f3ncava de la cuchara para crear la forma de cola de ballena o de sirena. La alpaca es aleaci\u00f3n formada por cobre, zinc y n\u00edquel) cuyo tono es m\u00e1s gris\u00e1ceo que la plata, [&hellip;]<\/p>\n","protected":false},"featured_media":1000180,"comment_status":"closed","ping_status":"closed","template":"","meta":[],"product_brand":[],"product_cat":[83,84,148],"product_tag":[149,160,150,151,87,152,153,154,74,155,143,156,75,77,157,144,119,90,158,134,91,159,92],"class_list":{"0":"post-1000035","1":"product","2":"type-product","3":"status-publish","4":"has-post-thumbnail","6":"product_cat-alpaca","7":"product_cat-mermaid-feelings","8":"product_cat-pulseras","9":"product_tag-ajustable","10":"product_tag-bano-en-plata","11":"product_tag-bracelet","12":"product_tag-brazalete","13":"product_tag-cola-de-ballena","14":"product_tag-cuberteria-antigua","15":"product_tag-cuchara-reciclada","16":"product_tag-cuchara-sopera","17":"product_tag-cuchara-tenedor","18":"product_tag-detalle-cubierto","19":"product_tag-detalles","20":"product_tag-detalles-antiguos","21":"product_tag-hecho-a-mano","22":"product_tag-joyeria","23":"product_tag-joyeria-reciclando","24":"product_tag-mango","25":"product_tag-mermaid","26":"product_tag-oceano","27":"product_tag-pulsera","28":"product_tag-reciclaje-creativo","29":"product_tag-sirena","30":"product_tag-sirenas","31":"product_tag-whale-tale","33":"first","34":"instock","35":"shipping-taxable","36":"purchasable","37":"product-type-simple"},"_links":{"self":[{"href":"https:\/\/cucharatenedor.com\/en\/wp-json\/wp\/v2\/product\/1000035","targetHints":{"allow":["GET"]}}],"collection":[{"href":"https:\/\/cucharatenedor.com\/en\/wp-json\/wp\/v2\/product"}],"about":[{"href":"https:\/\/cucharatenedor.com\/en\/wp-json\/wp\/v2\/types\/product"}],"replies":[{"embeddable":true,"href":"https:\/\/cucharatenedor.com\/en\/wp-json\/wp\/v2\/comments?post=1000035"}],"wp:featuredmedia":[{"embeddable":true,"href":"https:\/\/cucharatenedor.com\/en\/wp-json\/wp\/v2\/media\/1000180"}],"wp:attachment":[{"href":"https:\/\/cucharatenedor.com\/en\/wp-json\/wp\/v2\/media?parent=1000035"}],"wp:term":[{"taxonomy":"product_brand","embeddable":true,"href":"https:\/\/cucharatenedor.com\/en\/wp-json\/wp\/v2\/product_brand?post=1000035"},{"taxonomy":"product_cat","embeddable":true,"href":"https:\/\/cucharatenedor.com\/en\/wp-json\/wp\/v2\/product_cat?post=1000035"},{"taxonomy":"product_tag","embeddable":true,"href":"https:\/\/cucharatenedor.com\/en\/wp-json\/wp\/v2\/product_tag?post=1000035"}],"curies":[{"name":"wp","href":"https:\/\/api.w.org\/{rel}","templated":true}]}}