{"id":1000039,"date":"2025-10-06T12:07:06","date_gmt":"2025-10-06T12:07:06","guid":{"rendered":"https:\/\/cucharatenedor.com\/?post_type=product&#038;p=1000039"},"modified":"2025-12-10T10:02:18","modified_gmt":"2025-12-10T10:02:18","slug":"circle-necklace","status":"publish","type":"product","link":"https:\/\/cucharatenedor.com\/en\/collar-circulo\/","title":{"rendered":"Circle necklace"},"content":{"rendered":"<p>Handmade necklace with a prong from a large nickel silver fork twisted into a circular shape. The size of this pendant may vary slightly depending on the size of the cutlery used.<\/p>\n<p>This design is combined with a chain, but if you prefer, it can be combined with leather so that you can adjust it to the height you want, as it has a clasp so that you can adjust it to the length you want at any time.<\/p>\n<p>&nbsp;<\/p>\n<p>&nbsp;<\/p>","protected":false},"excerpt":{"rendered":"<p>Collar hecho a mano con una pua de un tenedor grande de alpaca girado en forma circular, el tama\u00f1o de este colgante puede variar ligeramente en relaci\u00f3n al tama\u00f1o del propio cubierto utilizado. Este dise\u00f1o est\u00e1 combinado con una cadena pero si lo prefieres puede ser combinado con cuero y as\u00ed poder ajustarlo \u00a0a la [&hellip;]<\/p>\n","protected":false},"featured_media":1000124,"comment_status":"closed","ping_status":"closed","template":"","meta":[],"product_brand":[],"product_cat":[83,69,131],"product_tag":[135,136,70,72,74,117,75,118,77,137,113,133,115,120],"class_list":{"0":"post-1000039","1":"product","2":"type-product","3":"status-publish","4":"has-post-thumbnail","6":"product_cat-alpaca","7":"product_cat-collares","8":"product_cat-para-el","9":"product_tag-a-tu-medida","10":"product_tag-anillo","11":"product_tag-artesania","12":"product_tag-collar","13":"product_tag-cuchara-tenedor","14":"product_tag-cuero","15":"product_tag-hecho-a-mano","16":"product_tag-hombre","17":"product_tag-joyeria","18":"product_tag-men-jewelry","19":"product_tag-mujer","20":"product_tag-pua-tenedor","21":"product_tag-regulable","22":"product_tag-unisex","24":"first","25":"instock","26":"shipping-taxable","27":"purchasable","28":"product-type-simple"},"_links":{"self":[{"href":"https:\/\/cucharatenedor.com\/en\/wp-json\/wp\/v2\/product\/1000039","targetHints":{"allow":["GET"]}}],"collection":[{"href":"https:\/\/cucharatenedor.com\/en\/wp-json\/wp\/v2\/product"}],"about":[{"href":"https:\/\/cucharatenedor.com\/en\/wp-json\/wp\/v2\/types\/product"}],"replies":[{"embeddable":true,"href":"https:\/\/cucharatenedor.com\/en\/wp-json\/wp\/v2\/comments?post=1000039"}],"wp:featuredmedia":[{"embeddable":true,"href":"https:\/\/cucharatenedor.com\/en\/wp-json\/wp\/v2\/media\/1000124"}],"wp:attachment":[{"href":"https:\/\/cucharatenedor.com\/en\/wp-json\/wp\/v2\/media?parent=1000039"}],"wp:term":[{"taxonomy":"product_brand","embeddable":true,"href":"https:\/\/cucharatenedor.com\/en\/wp-json\/wp\/v2\/product_brand?post=1000039"},{"taxonomy":"product_cat","embeddable":true,"href":"https:\/\/cucharatenedor.com\/en\/wp-json\/wp\/v2\/product_cat?post=1000039"},{"taxonomy":"product_tag","embeddable":true,"href":"https:\/\/cucharatenedor.com\/en\/wp-json\/wp\/v2\/product_tag?post=1000039"}],"curies":[{"name":"wp","href":"https:\/\/api.w.org\/{rel}","templated":true}]}}