{"id":1000040,"date":"2025-10-06T12:07:06","date_gmt":"2025-10-06T12:07:06","guid":{"rendered":"https:\/\/cucharatenedor.com\/?post_type=product&#038;p=1000040"},"modified":"2025-10-06T12:08:25","modified_gmt":"2025-10-06T12:08:25","slug":"surf-necklace","status":"publish","type":"product","link":"https:\/\/cucharatenedor.com\/en\/collar-surf\/","title":{"rendered":"Surf Necklace"},"content":{"rendered":"<p>Necklace created from the handle of a smooth silver-plated cutlery item, its shape mimics a surfboard, and some even have a small line that mimics the soul of the board.<\/p>\n<p>This design emerged in 2020 and is inspired by the sea. It is unisex and can be adjusted to the height you want at any given time.<\/p>","protected":false},"excerpt":{"rendered":"<p>Collar creado con la parte del mango de un cubierto liso de alpaca, su forma imita a una tabla de surf, incluso algunos de ellos tienen una peque\u00f1a linea que imita el Alma de la tabla. Este dise\u00f1o surgi\u00f3 este 2020 y est\u00e1 inspirado en el mar, un dise\u00f1o que es unisex y que se [&hellip;]<\/p>\n","protected":false},"featured_media":1000729,"comment_status":"closed","ping_status":"closed","template":"","meta":[],"product_brand":[],"product_cat":[83,69,131],"product_tag":[72,375,376,377,378,379,117,380,381,382,383,137,111,384,385,386],"class_list":{"0":"post-1000040","1":"product","2":"type-product","3":"status-publish","4":"has-post-thumbnail","6":"product_cat-alpaca","7":"product_cat-collares","8":"product_cat-para-el","9":"product_tag-collar","10":"product_tag-collar-chico","11":"product_tag-collar-de-cuero","12":"product_tag-collar-surf","13":"product_tag-collartablasurf","14":"product_tag-cubiertosantiguos","15":"product_tag-cuero","16":"product_tag-hechoamano","17":"product_tag-hechoconcubiertos","18":"product_tag-joyeriacreativa","19":"product_tag-joyeriamasculina","20":"product_tag-men-jewelry","21":"product_tag-menorca","22":"product_tag-surf","23":"product_tag-surflovers","24":"product_tag-tablasurf","26":"first","27":"instock","28":"shipping-taxable","29":"purchasable","30":"product-type-simple"},"_links":{"self":[{"href":"https:\/\/cucharatenedor.com\/en\/wp-json\/wp\/v2\/product\/1000040","targetHints":{"allow":["GET"]}}],"collection":[{"href":"https:\/\/cucharatenedor.com\/en\/wp-json\/wp\/v2\/product"}],"about":[{"href":"https:\/\/cucharatenedor.com\/en\/wp-json\/wp\/v2\/types\/product"}],"replies":[{"embeddable":true,"href":"https:\/\/cucharatenedor.com\/en\/wp-json\/wp\/v2\/comments?post=1000040"}],"wp:featuredmedia":[{"embeddable":true,"href":"https:\/\/cucharatenedor.com\/en\/wp-json\/wp\/v2\/media\/1000729"}],"wp:attachment":[{"href":"https:\/\/cucharatenedor.com\/en\/wp-json\/wp\/v2\/media?parent=1000040"}],"wp:term":[{"taxonomy":"product_brand","embeddable":true,"href":"https:\/\/cucharatenedor.com\/en\/wp-json\/wp\/v2\/product_brand?post=1000040"},{"taxonomy":"product_cat","embeddable":true,"href":"https:\/\/cucharatenedor.com\/en\/wp-json\/wp\/v2\/product_cat?post=1000040"},{"taxonomy":"product_tag","embeddable":true,"href":"https:\/\/cucharatenedor.com\/en\/wp-json\/wp\/v2\/product_tag?post=1000040"}],"curies":[{"name":"wp","href":"https:\/\/api.w.org\/{rel}","templated":true}]}}