{"id":1000051,"date":"2025-10-06T12:07:07","date_gmt":"2025-10-06T12:07:07","guid":{"rendered":"https:\/\/cucharatenedor.com\/?post_type=product&#038;p=1000051"},"modified":"2025-10-06T12:07:17","modified_gmt":"2025-10-06T12:07:17","slug":"meraki-gold-bath-necklace","status":"publish","type":"product","link":"https:\/\/cucharatenedor.com\/en\/collar-meraki-bano-oro\/","title":{"rendered":"MERAKI gold-plated necklace"},"content":{"rendered":"<p>Handmade necklace made from the handle of an antique dessert cutlery piece. The details are characteristic of the cutlery itself, which I had gold-plated after creating this pendant. It is a very elegant design, perfect for wearing on its own or combining with another gold necklace.<\/p>\n<p>This design is a unique piece. I have two pendants like this one, in which the size of the pendant varies slightly. The gold plating is 24 carat and has a matte finish.<\/p>\n<p>I paired this pendant with a 40 cm gold-plated silver chain, but if you prefer a different type of chain or a different length, you can send me a private message and I will make the changes you want.<\/p>\n<p>&nbsp;<\/p>","protected":false},"excerpt":{"rendered":"<p>Collar hecho a mano con la parte del mango de un cubierto antiguo de postre, los detalles son propios del mismo cubierto que posteriormente de crear este colgante llev\u00e9 a ba\u00f1arlo en oro, es un dise\u00f1o muy elegante perfecto para llevar solo o combinar con otro collar dorado. Este dise\u00f1o es una pieza \u00fanica, tengo [&hellip;]<\/p>\n","protected":false},"featured_media":1000131,"comment_status":"closed","ping_status":"closed","template":"","meta":[],"product_brand":[],"product_cat":[69,67],"product_tag":[138,139,140,98,72,141,142,74,143,102,75,144,78,80,145],"class_list":{"0":"post-1000051","1":"product","2":"type-product","3":"status-publish","4":"has-post-thumbnail","6":"product_cat-collares","7":"product_cat-joyas-doradas","8":"product_tag-24k","9":"product_tag-antiguedades","10":"product_tag-antiguo","11":"product_tag-bano-en-oro","12":"product_tag-collar","13":"product_tag-collar-mango","14":"product_tag-cubierto","15":"product_tag-cuchara-tenedor","16":"product_tag-detalles","17":"product_tag-dorado","18":"product_tag-hecho-a-mano","19":"product_tag-mango","20":"product_tag-oro","21":"product_tag-pieza-unica","22":"product_tag-plata","24":"first","25":"instock","26":"shipping-taxable","27":"purchasable","28":"product-type-simple"},"_links":{"self":[{"href":"https:\/\/cucharatenedor.com\/en\/wp-json\/wp\/v2\/product\/1000051","targetHints":{"allow":["GET"]}}],"collection":[{"href":"https:\/\/cucharatenedor.com\/en\/wp-json\/wp\/v2\/product"}],"about":[{"href":"https:\/\/cucharatenedor.com\/en\/wp-json\/wp\/v2\/types\/product"}],"replies":[{"embeddable":true,"href":"https:\/\/cucharatenedor.com\/en\/wp-json\/wp\/v2\/comments?post=1000051"}],"wp:featuredmedia":[{"embeddable":true,"href":"https:\/\/cucharatenedor.com\/en\/wp-json\/wp\/v2\/media\/1000131"}],"wp:attachment":[{"href":"https:\/\/cucharatenedor.com\/en\/wp-json\/wp\/v2\/media?parent=1000051"}],"wp:term":[{"taxonomy":"product_brand","embeddable":true,"href":"https:\/\/cucharatenedor.com\/en\/wp-json\/wp\/v2\/product_brand?post=1000051"},{"taxonomy":"product_cat","embeddable":true,"href":"https:\/\/cucharatenedor.com\/en\/wp-json\/wp\/v2\/product_cat?post=1000051"},{"taxonomy":"product_tag","embeddable":true,"href":"https:\/\/cucharatenedor.com\/en\/wp-json\/wp\/v2\/product_tag?post=1000051"}],"curies":[{"name":"wp","href":"https:\/\/api.w.org\/{rel}","templated":true}]}}