{"id":1000054,"date":"2025-10-06T12:07:07","date_gmt":"2025-10-06T12:07:07","guid":{"rendered":"https:\/\/cucharatenedor.com\/?post_type=product&#038;p=1000054"},"modified":"2026-04-19T19:45:21","modified_gmt":"2026-04-19T19:45:21","slug":"alpaca-whale-tail-bracelet","status":"publish","type":"product","link":"https:\/\/cucharatenedor.com\/en\/brazalete-cola-de-ballena-de-alpaca\/","title":{"rendered":"Alpaca whale tail bracelet"},"content":{"rendered":"<p>Handcrafted bracelet made from an antique spoon crafted in alpaca, using the concave part of the spoon to create a whale tail or mermaid tail shape. Alpaca is an alloy made up of copper, zinc and nickel, with a more greyish tone than silver. Some people may be allergic to alpaca when it comes into contact with their skin due to the nickel content of this material, so if this is the case, I recommend choosing another material such as silver.<\/p>\n<p>This piece has a matte finish, so if you would prefer your bracelet to be shiny, please mention this when placing your order.<\/p>\n<p>&nbsp;<\/p>","protected":false},"excerpt":{"rendered":"<p>Brazalete creado a mano con una cuchara antigua creada en alpaca, utilizando la parte c\u00f3ncava de la cuchara para crear la forma de cola de ballena o de sirena. La alpaca es aleaci\u00f3n formada por cobre, zinc y n\u00edquel) cuyo tono es m\u00e1s gris\u00e1ceo que la plata, hay personas que por el \u00faltimo componente de [&hellip;]<\/p>\n","protected":false},"featured_media":1000184,"comment_status":"closed","ping_status":"closed","template":"","meta":[],"product_brand":[],"product_cat":[83,84,148],"product_tag":[149,150,151,87,152,153,154,74,155,143,156,75,77,157,144,119,90,145,158,134,91,159,92],"class_list":{"0":"post-1000054","1":"product","2":"type-product","3":"status-publish","4":"has-post-thumbnail","6":"product_cat-alpaca","7":"product_cat-mermaid-feelings","8":"product_cat-pulseras","9":"product_tag-ajustable","10":"product_tag-bracelet","11":"product_tag-brazalete","12":"product_tag-cola-de-ballena","13":"product_tag-cuberteria-antigua","14":"product_tag-cuchara-reciclada","15":"product_tag-cuchara-sopera","16":"product_tag-cuchara-tenedor","17":"product_tag-detalle-cubierto","18":"product_tag-detalles","19":"product_tag-detalles-antiguos","20":"product_tag-hecho-a-mano","21":"product_tag-joyeria","22":"product_tag-joyeria-reciclando","23":"product_tag-mango","24":"product_tag-mermaid","25":"product_tag-oceano","26":"product_tag-plata","27":"product_tag-pulsera","28":"product_tag-reciclaje-creativo","29":"product_tag-sirena","30":"product_tag-sirenas","31":"product_tag-whale-tale","33":"first","34":"instock","35":"shipping-taxable","36":"purchasable","37":"product-type-simple"},"_links":{"self":[{"href":"https:\/\/cucharatenedor.com\/en\/wp-json\/wp\/v2\/product\/1000054","targetHints":{"allow":["GET"]}}],"collection":[{"href":"https:\/\/cucharatenedor.com\/en\/wp-json\/wp\/v2\/product"}],"about":[{"href":"https:\/\/cucharatenedor.com\/en\/wp-json\/wp\/v2\/types\/product"}],"replies":[{"embeddable":true,"href":"https:\/\/cucharatenedor.com\/en\/wp-json\/wp\/v2\/comments?post=1000054"}],"wp:featuredmedia":[{"embeddable":true,"href":"https:\/\/cucharatenedor.com\/en\/wp-json\/wp\/v2\/media\/1000184"}],"wp:attachment":[{"href":"https:\/\/cucharatenedor.com\/en\/wp-json\/wp\/v2\/media?parent=1000054"}],"wp:term":[{"taxonomy":"product_brand","embeddable":true,"href":"https:\/\/cucharatenedor.com\/en\/wp-json\/wp\/v2\/product_brand?post=1000054"},{"taxonomy":"product_cat","embeddable":true,"href":"https:\/\/cucharatenedor.com\/en\/wp-json\/wp\/v2\/product_cat?post=1000054"},{"taxonomy":"product_tag","embeddable":true,"href":"https:\/\/cucharatenedor.com\/en\/wp-json\/wp\/v2\/product_tag?post=1000054"}],"curies":[{"name":"wp","href":"https:\/\/api.w.org\/{rel}","templated":true}]}}