{"id":1000058,"date":"2025-10-06T12:07:07","date_gmt":"2025-10-06T12:07:07","guid":{"rendered":"https:\/\/cucharatenedor.com\/?post_type=product&#038;p=1000058"},"modified":"2025-10-06T12:07:22","modified_gmt":"2025-10-06T12:07:22","slug":"gold-plated-ocean-bracelet","status":"publish","type":"product","link":"https:\/\/cucharatenedor.com\/en\/brazalete-oceano-bano-en-oro\/","title":{"rendered":"Gold-plated ocean bracelet"},"content":{"rendered":"<p>Unique bracelet created by hand using an antique sugar tongs, transformed into a bracelet so that you can adjust it to fit both your forearm and upper arm. This design has been plated in 3 microns of 24-carat gold.<\/p>\n<p>A very special design due to the raw material used to create it, making it a unique piece, where the details of this clip resemble shells that will embrace your arm.<\/p>\n<p>This is a unique piece, finished with a 24-carat gold plating with a matte finish.<\/p>\n<p>It is also a thin piece that allows it to mould well to your arm without damaging the bracelet.<\/p>\n<p>Without a doubt, this is a very special piece of # spoon and fork cutlery with a very elegant and sophisticated touch.<\/p>\n<p>&nbsp;<\/p>","protected":false},"excerpt":{"rendered":"<p>Brazalete \u00fanico creado a mano con una antigua pinza para coger los terrones de \u00e1zucar, transformada en forma de brazalete para que puedas ajustarlo tanto en el antebrazo como en el brazo, este dise\u00f1o ha sido ba\u00f1ado en oro de 24kt. de 3 micras. Un dise\u00f1o muy especial por su materia prima empleada para crearlo [&hellip;]<\/p>\n","protected":false},"featured_media":1000193,"comment_status":"closed","ping_status":"closed","template":"","meta":[],"product_brand":[],"product_cat":[67,148],"product_tag":[149,98,150,151,152,74,155,143,156,75,77,164,157,144,158,161,134],"class_list":{"0":"post-1000058","1":"product","2":"type-product","3":"status-publish","4":"has-post-thumbnail","6":"product_cat-joyas-doradas","7":"product_cat-pulseras","8":"product_tag-ajustable","9":"product_tag-bano-en-oro","10":"product_tag-bracelet","11":"product_tag-brazalete","12":"product_tag-cuberteria-antigua","13":"product_tag-cuchara-tenedor","14":"product_tag-detalle-cubierto","15":"product_tag-detalles","16":"product_tag-detalles-antiguos","17":"product_tag-hecho-a-mano","18":"product_tag-joyeria","19":"product_tag-joyeria-dorada","20":"product_tag-joyeria-reciclando","21":"product_tag-mango","22":"product_tag-pulsera","23":"product_tag-reciclado","24":"product_tag-reciclaje-creativo","26":"first","27":"instock","28":"sold-individually","29":"shipping-taxable","30":"purchasable","31":"product-type-simple"},"_links":{"self":[{"href":"https:\/\/cucharatenedor.com\/en\/wp-json\/wp\/v2\/product\/1000058","targetHints":{"allow":["GET"]}}],"collection":[{"href":"https:\/\/cucharatenedor.com\/en\/wp-json\/wp\/v2\/product"}],"about":[{"href":"https:\/\/cucharatenedor.com\/en\/wp-json\/wp\/v2\/types\/product"}],"replies":[{"embeddable":true,"href":"https:\/\/cucharatenedor.com\/en\/wp-json\/wp\/v2\/comments?post=1000058"}],"wp:featuredmedia":[{"embeddable":true,"href":"https:\/\/cucharatenedor.com\/en\/wp-json\/wp\/v2\/media\/1000193"}],"wp:attachment":[{"href":"https:\/\/cucharatenedor.com\/en\/wp-json\/wp\/v2\/media?parent=1000058"}],"wp:term":[{"taxonomy":"product_brand","embeddable":true,"href":"https:\/\/cucharatenedor.com\/en\/wp-json\/wp\/v2\/product_brand?post=1000058"},{"taxonomy":"product_cat","embeddable":true,"href":"https:\/\/cucharatenedor.com\/en\/wp-json\/wp\/v2\/product_cat?post=1000058"},{"taxonomy":"product_tag","embeddable":true,"href":"https:\/\/cucharatenedor.com\/en\/wp-json\/wp\/v2\/product_tag?post=1000058"}],"curies":[{"name":"wp","href":"https:\/\/api.w.org\/{rel}","templated":true}]}}