{"id":1000059,"date":"2025-10-06T12:07:07","date_gmt":"2025-10-06T12:07:07","guid":{"rendered":"https:\/\/cucharatenedor.com\/?post_type=product&#038;p=1000059"},"modified":"2025-10-06T12:07:32","modified_gmt":"2025-10-06T12:07:32","slug":"spiral-ring-detail-sukha-bath-gold","status":"publish","type":"product","link":"https:\/\/cucharatenedor.com\/en\/anillo-espiral-detalle-sukha-bano-oro\/","title":{"rendered":"SUKHA spiral detail ring (gold plated)"},"content":{"rendered":"<p>Handcrafted ring made from the handle of an antique silver-plated dessert cutlery item, twisted into a spiral shape to create this original and unique design. As they are handmade, all pieces have something that makes them special and unique, whether it be the details of the cutlery itself, the twist, or the length of the reused handle.<\/p>\n<p>The name of this ring model is SUKHA, a Sanskrit word meaning authentic, deep and lasting happiness regardless of circumstances. I think this name suits this design very well, as it is one of those truly unique pieces with beautiful floral details and embossed details that make the spoon a truly beautiful and unique piece. What better way to show it off than on our hands, making this great design a lasting piece regardless of the passage of time.<\/p>\n<p>It is a 24-carat gold-plated design, so if you would like your ring to have other details, a different size or be made of another material, you can write to me to order a customised design.<\/p>\n<p>&nbsp;<\/p>\n<p>&nbsp;<\/p>","protected":false},"excerpt":{"rendered":"<p>Anillo creado a mano con el mango de un cubierto antiguo de postre ba\u00f1ado en plata, girado en forma de espiral dando este dise\u00f1o original y \u00fanico. Al estar creadas a mano, todas las piezas tienen algo que las hace especiales y \u00fanicas, bien por los detalles del propio cubierto, por el giro o por [&hellip;]<\/p>\n","protected":false},"featured_media":1000262,"comment_status":"closed","ping_status":"closed","template":"","meta":[],"product_brand":[],"product_cat":[106,67],"product_tag":[136,183,184,160,185,74,143,75,77,186,145,134,187],"class_list":{"0":"post-1000059","1":"product","2":"type-product","3":"status-publish","4":"has-post-thumbnail","6":"product_cat-anillos","7":"product_cat-joyas-doradas","8":"product_tag-anillo","9":"product_tag-anillo-espiral-detalles","10":"product_tag-anillos","11":"product_tag-bano-en-plata","12":"product_tag-cobertera-antigua","13":"product_tag-cuchara-tenedor","14":"product_tag-detalles","15":"product_tag-hecho-a-mano","16":"product_tag-joyeria","17":"product_tag-mango-cubierto","18":"product_tag-plata","19":"product_tag-reciclaje-creativo","20":"product_tag-ring","22":"first","23":"instock","24":"shipping-taxable","25":"purchasable","26":"product-type-simple"},"_links":{"self":[{"href":"https:\/\/cucharatenedor.com\/en\/wp-json\/wp\/v2\/product\/1000059","targetHints":{"allow":["GET"]}}],"collection":[{"href":"https:\/\/cucharatenedor.com\/en\/wp-json\/wp\/v2\/product"}],"about":[{"href":"https:\/\/cucharatenedor.com\/en\/wp-json\/wp\/v2\/types\/product"}],"replies":[{"embeddable":true,"href":"https:\/\/cucharatenedor.com\/en\/wp-json\/wp\/v2\/comments?post=1000059"}],"wp:featuredmedia":[{"embeddable":true,"href":"https:\/\/cucharatenedor.com\/en\/wp-json\/wp\/v2\/media\/1000262"}],"wp:attachment":[{"href":"https:\/\/cucharatenedor.com\/en\/wp-json\/wp\/v2\/media?parent=1000059"}],"wp:term":[{"taxonomy":"product_brand","embeddable":true,"href":"https:\/\/cucharatenedor.com\/en\/wp-json\/wp\/v2\/product_brand?post=1000059"},{"taxonomy":"product_cat","embeddable":true,"href":"https:\/\/cucharatenedor.com\/en\/wp-json\/wp\/v2\/product_cat?post=1000059"},{"taxonomy":"product_tag","embeddable":true,"href":"https:\/\/cucharatenedor.com\/en\/wp-json\/wp\/v2\/product_tag?post=1000059"}],"curies":[{"name":"wp","href":"https:\/\/api.w.org\/{rel}","templated":true}]}}