{"id":1000065,"date":"2025-10-06T12:07:07","date_gmt":"2025-10-06T12:07:07","guid":{"rendered":"https:\/\/cucharatenedor.com\/?post_type=product&#038;p=1000065"},"modified":"2025-10-06T12:07:19","modified_gmt":"2025-10-06T12:07:19","slug":"eclipse-necklace","status":"publish","type":"product","link":"https:\/\/cucharatenedor.com\/en\/collar-eclipse\/","title":{"rendered":"Eclipse Necklace"},"content":{"rendered":"<div class=\"page\" title=\"Page 12\">\n<div class=\"section\">\n<div class=\"layoutArea\">\n<div class=\"column\">\n<p>The eclipse necklace in a choker design created in 24kt gold plating with 3 microns.,<\/p>\n<p>This design was created by recycling the prong of an antique fork with a flattened ball soldered in the centre. The pendant is combined with a large gold-plated silver chain, which makes this design extremely elegant. It is also available in silver.<\/p>\n<\/div>\n<\/div>\n<\/div>\n<\/div>\n<div class=\"page\" title=\"Page 12\">\n<div class=\"section\">\n<div class=\"layoutArea\">\n<div class=\"column\">\n<p>Mysterious, powerful and transcendental, eclipses are transformative events where the influence of the Moon and Sun reaches its peak. They are made possible by the meeting of the Moon's path and the Sun's path, from the Earth's perspective.<\/p>\n<div class=\"page\" title=\"Page 12\">\n<div class=\"section\">\n<div class=\"layoutArea\">\n<div class=\"column\">\n<p>During eclipse season, not only do events accelerate, but everything intensifies, both good and bad. Lunar eclipses are full moons and solar eclipses are new moons, where the lunation is at its strongest. Each eclipse season consists of two to three eclipses, always with a solar eclipse and a lunar eclipse, and an extra one that can be either solar or lunar.<\/p>\n<\/div>\n<\/div>\n<\/div>\n<\/div>\n<\/div>\n<\/div>\n<\/div>\n<\/div>","protected":false},"excerpt":{"rendered":"<p>El collar eclipse en un dise\u00f1o tipo chocker creado en ba\u00f1o en oro de 24kt. con 3 micras, es un dise\u00f1o creado reciclando la pua de un tenedor antiguo con una bolita aplanada soldada en la parte central, el colgante es combinado con una cadena grande de plata ba\u00f1ada en oro que hace super elegante [&hellip;]<\/p>\n","protected":false},"featured_media":1000161,"comment_status":"closed","ping_status":"closed","template":"","meta":[],"product_brand":[],"product_cat":[69,67],"product_tag":[98,72,163,100,152,74,75,77,157,161,134],"class_list":{"0":"post-1000065","1":"product","2":"type-product","3":"status-publish","4":"has-post-thumbnail","6":"product_cat-collares","7":"product_cat-joyas-doradas","8":"product_tag-bano-en-oro","9":"product_tag-collar","10":"product_tag-collar-dorado","11":"product_tag-collar-oro","12":"product_tag-cuberteria-antigua","13":"product_tag-cuchara-tenedor","14":"product_tag-hecho-a-mano","15":"product_tag-joyeria","16":"product_tag-joyeria-reciclando","17":"product_tag-reciclado","18":"product_tag-reciclaje-creativo","20":"first","21":"instock","22":"shipping-taxable","23":"purchasable","24":"product-type-simple"},"_links":{"self":[{"href":"https:\/\/cucharatenedor.com\/en\/wp-json\/wp\/v2\/product\/1000065","targetHints":{"allow":["GET"]}}],"collection":[{"href":"https:\/\/cucharatenedor.com\/en\/wp-json\/wp\/v2\/product"}],"about":[{"href":"https:\/\/cucharatenedor.com\/en\/wp-json\/wp\/v2\/types\/product"}],"replies":[{"embeddable":true,"href":"https:\/\/cucharatenedor.com\/en\/wp-json\/wp\/v2\/comments?post=1000065"}],"wp:featuredmedia":[{"embeddable":true,"href":"https:\/\/cucharatenedor.com\/en\/wp-json\/wp\/v2\/media\/1000161"}],"wp:attachment":[{"href":"https:\/\/cucharatenedor.com\/en\/wp-json\/wp\/v2\/media?parent=1000065"}],"wp:term":[{"taxonomy":"product_brand","embeddable":true,"href":"https:\/\/cucharatenedor.com\/en\/wp-json\/wp\/v2\/product_brand?post=1000065"},{"taxonomy":"product_cat","embeddable":true,"href":"https:\/\/cucharatenedor.com\/en\/wp-json\/wp\/v2\/product_cat?post=1000065"},{"taxonomy":"product_tag","embeddable":true,"href":"https:\/\/cucharatenedor.com\/en\/wp-json\/wp\/v2\/product_tag?post=1000065"}],"curies":[{"name":"wp","href":"https:\/\/api.w.org\/{rel}","templated":true}]}}