{"id":1000067,"date":"2025-10-06T12:07:07","date_gmt":"2025-10-06T12:07:07","guid":{"rendered":"https:\/\/cucharatenedor.com\/?post_type=product&#038;p=1000067"},"modified":"2026-03-26T19:52:11","modified_gmt":"2026-03-26T19:52:11","slug":"koru-alpaca-bracelet-flowing-design","status":"publish","type":"product","link":"https:\/\/cucharatenedor.com\/en\/pulsera-koru-alpaca-diseno-fluye\/","title":{"rendered":"Bracelet Bracelet Koru Flowing design"},"content":{"rendered":"<p>Handcrafted bracelet made from an antique nickel silver fork, modified to create a unique piece with asymmetrical prongs, all of which slide to one side. Alpaca is an alloy made up of copper, zinc and nickel, with a more greyish tone than silver. Some people may be allergic to nickel, the last component of alpaca, when it comes into contact with the skin, so if this is the case, I recommend choosing another material.<\/p>\n<p>If you would prefer this design in brass (antique gold) or silver, you can place a custom order. Similarly, if you would prefer a design different from those shown on the website, I can also make it to order.<\/p>\n<p>This is a matte finish design, so if you want your bracelet to be shiny, please mention this when placing your order.<\/p>\n<p>&nbsp;<\/p>","protected":false},"excerpt":{"rendered":"<p>Pulsera creada a mano con un tenedor antiguo de alpaca, modificado para convertirlo en una pieza \u00fanica cuyas p\u00faas dibujan un dise\u00f1o asim\u00e9trico, todas las p\u00faas se deslizan para un lado. La alpaca es aleaci\u00f3n formada por cobre, zinc y n\u00edquel) cuyo tono es m\u00e1s gris\u00e1ceo que la plata, hay personas que por el \u00faltimo [&hellip;]<\/p>\n","protected":false},"featured_media":1000172,"comment_status":"closed","ping_status":"closed","template":"","meta":[],"product_brand":[],"product_cat":[148,107],"product_tag":[149,150,151,152,74,155,143,156,75,77,157,144,158,161,134,162],"class_list":{"0":"post-1000067","1":"product","2":"type-product","3":"status-publish","4":"has-post-thumbnail","6":"product_cat-pulseras","7":"product_cat-joyas-plateadas","8":"product_tag-ajustable","9":"product_tag-bracelet","10":"product_tag-brazalete","11":"product_tag-cuberteria-antigua","12":"product_tag-cuchara-tenedor","13":"product_tag-detalle-cubierto","14":"product_tag-detalles","15":"product_tag-detalles-antiguos","16":"product_tag-hecho-a-mano","17":"product_tag-joyeria","18":"product_tag-joyeria-reciclando","19":"product_tag-mango","20":"product_tag-pulsera","21":"product_tag-reciclado","22":"product_tag-reciclaje-creativo","23":"product_tag-tenedor","25":"first","26":"instock","27":"shipping-taxable","28":"purchasable","29":"product-type-variable"},"_links":{"self":[{"href":"https:\/\/cucharatenedor.com\/en\/wp-json\/wp\/v2\/product\/1000067","targetHints":{"allow":["GET"]}}],"collection":[{"href":"https:\/\/cucharatenedor.com\/en\/wp-json\/wp\/v2\/product"}],"about":[{"href":"https:\/\/cucharatenedor.com\/en\/wp-json\/wp\/v2\/types\/product"}],"replies":[{"embeddable":true,"href":"https:\/\/cucharatenedor.com\/en\/wp-json\/wp\/v2\/comments?post=1000067"}],"wp:featuredmedia":[{"embeddable":true,"href":"https:\/\/cucharatenedor.com\/en\/wp-json\/wp\/v2\/media\/1000172"}],"wp:attachment":[{"href":"https:\/\/cucharatenedor.com\/en\/wp-json\/wp\/v2\/media?parent=1000067"}],"wp:term":[{"taxonomy":"product_brand","embeddable":true,"href":"https:\/\/cucharatenedor.com\/en\/wp-json\/wp\/v2\/product_brand?post=1000067"},{"taxonomy":"product_cat","embeddable":true,"href":"https:\/\/cucharatenedor.com\/en\/wp-json\/wp\/v2\/product_cat?post=1000067"},{"taxonomy":"product_tag","embeddable":true,"href":"https:\/\/cucharatenedor.com\/en\/wp-json\/wp\/v2\/product_tag?post=1000067"}],"curies":[{"name":"wp","href":"https:\/\/api.w.org\/{rel}","templated":true}]}}