{"id":1000071,"date":"2025-10-06T12:07:08","date_gmt":"2025-10-06T12:07:08","guid":{"rendered":"https:\/\/cucharatenedor.com\/?post_type=product&#038;p=1000071"},"modified":"2025-10-06T12:07:25","modified_gmt":"2025-10-06T12:07:25","slug":"koru-tiger-eye-necklace-gold-plated","status":"publish","type":"product","link":"https:\/\/cucharatenedor.com\/en\/collar-koru-ojo-de-tigre-bano-oro\/","title":{"rendered":"Tiger's eye koru necklace \u2013 Gold plated"},"content":{"rendered":"<p>Handcrafted necklace made from an antique nickel silver fork with a tiger's eye stone set in silver and subsequently gold-plated. This design is a unique piece whose prongs form a symmetrical and fluid design, with all the prongs pointing towards the centre, and the stone set horizontally at the base of the fork, giving this piece a great sense of balance. I have finished this design with a tiger's eye (a brown-toned stone) that goes very well with the matte gold tone of the fork.<\/p>\n<p>This is a unique piece, which I have finished in a matte tone, with a 24-carat gold plating.<\/p>\n<p>It is also possible to create a different design, with or without stone, so if you wish, you can place a custom order and I will make it with your cutlery or with mine.<\/p>\n<p>This necklace comes with a 60 cm long brass chain, but if you prefer a shorter chain or a combination of leather or suede, just leave a note with your order when you purchase it and I will create it to your liking.<\/p>\n<p>&nbsp;<\/p>\n<p><strong>MEASURES:<\/strong><\/p>\n<p>&nbsp;<\/p>\n<p>2x1cm stone<\/p>\n<p>Pendant measuring 7.2 cm long by 6 cm wide<\/p>\n<p>70cm brass chain<\/p>\n<p>&nbsp;<\/p>\n<p>(It can be combined with another type of chain or length; in this case, please contact me.)<\/p>","protected":false},"excerpt":{"rendered":"<p>Collar creado a mano con un tenedor antiguo de alpaca con un ojo de tigre engastado en plata y ba\u00f1ado en oro posteriormente. Este dise\u00f1o es una pieza \u00fanica cuyas p\u00faas dibujan un dise\u00f1o sim\u00e9trico y fluido, donde todas sus puas apuntan para el centro del mismo, y la piedra esta engastada de manera horizontal [&hellip;]<\/p>\n","protected":false},"featured_media":1000205,"comment_status":"closed","ping_status":"closed","template":"","meta":[],"product_brand":[],"product_cat":[69,67],"product_tag":[169,98,72,170,152,74,155,143,156,102,75,77,157,144,168,171,78,172,80,161,134,162],"class_list":{"0":"post-1000071","1":"product","2":"type-product","3":"status-publish","4":"has-post-thumbnail","6":"product_cat-collares","7":"product_cat-joyas-doradas","8":"product_tag-24-quilates","9":"product_tag-bano-en-oro","10":"product_tag-collar","11":"product_tag-collar-tenedor","12":"product_tag-cuberteria-antigua","13":"product_tag-cuchara-tenedor","14":"product_tag-detalle-cubierto","15":"product_tag-detalles","16":"product_tag-detalles-antiguos","17":"product_tag-dorado","18":"product_tag-hecho-a-mano","19":"product_tag-joyeria","20":"product_tag-joyeria-reciclando","21":"product_tag-mango","22":"product_tag-mineral","23":"product_tag-ojo-de-tigre","24":"product_tag-oro","25":"product_tag-piedra-natural","26":"product_tag-pieza-unica","27":"product_tag-reciclado","28":"product_tag-reciclaje-creativo","29":"product_tag-tenedor","31":"first","32":"instock","33":"shipping-taxable","34":"purchasable","35":"product-type-simple"},"_links":{"self":[{"href":"https:\/\/cucharatenedor.com\/en\/wp-json\/wp\/v2\/product\/1000071","targetHints":{"allow":["GET"]}}],"collection":[{"href":"https:\/\/cucharatenedor.com\/en\/wp-json\/wp\/v2\/product"}],"about":[{"href":"https:\/\/cucharatenedor.com\/en\/wp-json\/wp\/v2\/types\/product"}],"replies":[{"embeddable":true,"href":"https:\/\/cucharatenedor.com\/en\/wp-json\/wp\/v2\/comments?post=1000071"}],"wp:featuredmedia":[{"embeddable":true,"href":"https:\/\/cucharatenedor.com\/en\/wp-json\/wp\/v2\/media\/1000205"}],"wp:attachment":[{"href":"https:\/\/cucharatenedor.com\/en\/wp-json\/wp\/v2\/media?parent=1000071"}],"wp:term":[{"taxonomy":"product_brand","embeddable":true,"href":"https:\/\/cucharatenedor.com\/en\/wp-json\/wp\/v2\/product_brand?post=1000071"},{"taxonomy":"product_cat","embeddable":true,"href":"https:\/\/cucharatenedor.com\/en\/wp-json\/wp\/v2\/product_cat?post=1000071"},{"taxonomy":"product_tag","embeddable":true,"href":"https:\/\/cucharatenedor.com\/en\/wp-json\/wp\/v2\/product_tag?post=1000071"}],"curies":[{"name":"wp","href":"https:\/\/api.w.org\/{rel}","templated":true}]}}