{"id":1000073,"date":"2025-12-06T12:07:08","date_gmt":"2025-12-06T12:07:08","guid":{"rendered":"https:\/\/cucharatenedor.com\/?post_type=product&#038;p=1000073"},"modified":"2026-04-19T19:44:41","modified_gmt":"2026-04-19T19:44:41","slug":"mermaid-bracelet-cuff-with-lines-detail","status":"publish","type":"product","link":"https:\/\/cucharatenedor.com\/en\/brazalete-pulsera-sirena-alpaca-detalle-lineas\/","title":{"rendered":"Bracelet \u2013 mermaid bracelet with lines detail"},"content":{"rendered":"<p>Handcrafted bracelet made from an antique spoon crafted in alpaca, using the concave part of the spoon to create a whale or mermaid tail shape. Alpaca is an alloy made up of copper, zinc and nickel, and has a more greyish tone than silver. Some people may be allergic to alpaca when it comes into contact with their skin due to the nickel content of this material. If this is the case, I recommend choosing another material such as silver, in which case the antique details would be different.<\/p>\n<p>As it is designed to be worn with a soup spoon, it can be adjusted to fit either your forearm or your wrist. If you have very slender wrists, I recommend choosing the Mermaid Bracelet with detail model.<\/p>\n<p>This piece has a matte finish, so if you would prefer your bracelet to be shiny, please mention this when placing your order.<\/p>\n<p>&nbsp;<\/p>\n<p>&nbsp;<\/p>\n<p>&nbsp;<\/p>\n<p>&nbsp;<\/p>","protected":false},"excerpt":{"rendered":"<p>Pulsera creada a mano con una cuchara antigua creada en alpaca, utilizando la parte c\u00f3ncava de la cuchara para crear la forma de cola de ballena o de sirena. La alpaca es aleaci\u00f3n formada por cobre, zinc y n\u00edquel) cuyo tono es m\u00e1s gris\u00e1ceo que la plata, hay personas que por el \u00faltimo componente de [&hellip;]<\/p>\n","protected":false},"featured_media":1000188,"comment_status":"closed","ping_status":"closed","template":"","meta":[],"product_brand":[],"product_cat":[83,84,148],"product_tag":[149,160,150,151,87,152,153,154,74,155,143,156,75,77,157,144,119,90,145,158,134,91,159,92],"class_list":{"0":"post-1000073","1":"product","2":"type-product","3":"status-publish","4":"has-post-thumbnail","6":"product_cat-alpaca","7":"product_cat-mermaid-feelings","8":"product_cat-pulseras","9":"product_tag-ajustable","10":"product_tag-bano-en-plata","11":"product_tag-bracelet","12":"product_tag-brazalete","13":"product_tag-cola-de-ballena","14":"product_tag-cuberteria-antigua","15":"product_tag-cuchara-reciclada","16":"product_tag-cuchara-sopera","17":"product_tag-cuchara-tenedor","18":"product_tag-detalle-cubierto","19":"product_tag-detalles","20":"product_tag-detalles-antiguos","21":"product_tag-hecho-a-mano","22":"product_tag-joyeria","23":"product_tag-joyeria-reciclando","24":"product_tag-mango","25":"product_tag-mermaid","26":"product_tag-oceano","27":"product_tag-plata","28":"product_tag-pulsera","29":"product_tag-reciclaje-creativo","30":"product_tag-sirena","31":"product_tag-sirenas","32":"product_tag-whale-tale","34":"first","35":"instock","36":"shipping-taxable","37":"purchasable","38":"product-type-simple"},"_links":{"self":[{"href":"https:\/\/cucharatenedor.com\/en\/wp-json\/wp\/v2\/product\/1000073","targetHints":{"allow":["GET"]}}],"collection":[{"href":"https:\/\/cucharatenedor.com\/en\/wp-json\/wp\/v2\/product"}],"about":[{"href":"https:\/\/cucharatenedor.com\/en\/wp-json\/wp\/v2\/types\/product"}],"replies":[{"embeddable":true,"href":"https:\/\/cucharatenedor.com\/en\/wp-json\/wp\/v2\/comments?post=1000073"}],"wp:featuredmedia":[{"embeddable":true,"href":"https:\/\/cucharatenedor.com\/en\/wp-json\/wp\/v2\/media\/1000188"}],"wp:attachment":[{"href":"https:\/\/cucharatenedor.com\/en\/wp-json\/wp\/v2\/media?parent=1000073"}],"wp:term":[{"taxonomy":"product_brand","embeddable":true,"href":"https:\/\/cucharatenedor.com\/en\/wp-json\/wp\/v2\/product_brand?post=1000073"},{"taxonomy":"product_cat","embeddable":true,"href":"https:\/\/cucharatenedor.com\/en\/wp-json\/wp\/v2\/product_cat?post=1000073"},{"taxonomy":"product_tag","embeddable":true,"href":"https:\/\/cucharatenedor.com\/en\/wp-json\/wp\/v2\/product_tag?post=1000073"}],"curies":[{"name":"wp","href":"https:\/\/api.w.org\/{rel}","templated":true}]}}