{"id":1000221,"date":"2026-05-06T12:07:28","date_gmt":"2026-05-06T12:07:28","guid":{"rendered":"https:\/\/cucharatenedor.com\/?post_type=product&#038;p=1000221"},"modified":"2026-05-06T15:24:30","modified_gmt":"2026-05-06T15:24:30","slug":"plain-gold-plated-kundala-ring","status":"publish","type":"product","link":"https:\/\/cucharatenedor.com\/en\/anillo-kundala-liso-bano-oro\/","title":{"rendered":"Plain kundala ring (gold plated)"},"content":{"rendered":"<p>Ring created by hand from the handle of an antique smooth cutlery piece, which I then transformed into a ring and bathed in gold.<\/p>\n<p>The ring has a spiral design, meaning that each ring, depending on its size, is more or less open, making this design original and unique. As they are handmade, all the pieces have something that makes them special and unique, whether it be the details of the cutlery itself, the twist or the length of the reused handle used to create it.<\/p>\n<p>It is a unisex design that looks good on both men and women. It has a matte finish, so if you want your ring to be shiny, please mention this when placing your order.<\/p>\n<p>If you would prefer to obtain this design by reusing another type of fork made from a different material or one belonging to your family, place a custom order and we will carry it out together.<\/p>\n<p>&nbsp;<\/p>","protected":false},"excerpt":{"rendered":"<p>Anillo creado a mano con el mango de un cubierto antiguo liso, el cual posteriormente de transformarlo en anillo lo he ido a ba\u00f1ar en oro. El anillo tiene un dise\u00f1o en forma de espiral haciendo que cada uno de estos anillos, dependiendo de su talla queden m\u00e1s o menos abiertos, y por lo tanto [&hellip;]<\/p>\n","protected":false},"featured_media":1000266,"comment_status":"closed","ping_status":"closed","template":"","meta":[],"product_brand":[],"product_cat":[106,107],"product_tag":[136,183,184,160,185,74,143,75,77,186,145,134,187],"class_list":{"0":"post-1000221","1":"product","2":"type-product","3":"status-publish","4":"has-post-thumbnail","6":"product_cat-anillos","7":"product_cat-joyas-plateadas","8":"product_tag-anillo","9":"product_tag-anillo-espiral-detalles","10":"product_tag-anillos","11":"product_tag-bano-en-plata","12":"product_tag-cobertera-antigua","13":"product_tag-cuchara-tenedor","14":"product_tag-detalles","15":"product_tag-hecho-a-mano","16":"product_tag-joyeria","17":"product_tag-mango-cubierto","18":"product_tag-plata","19":"product_tag-reciclaje-creativo","20":"product_tag-ring","22":"first","23":"instock","24":"shipping-taxable","25":"purchasable","26":"product-type-simple"},"_links":{"self":[{"href":"https:\/\/cucharatenedor.com\/en\/wp-json\/wp\/v2\/product\/1000221","targetHints":{"allow":["GET"]}}],"collection":[{"href":"https:\/\/cucharatenedor.com\/en\/wp-json\/wp\/v2\/product"}],"about":[{"href":"https:\/\/cucharatenedor.com\/en\/wp-json\/wp\/v2\/types\/product"}],"replies":[{"embeddable":true,"href":"https:\/\/cucharatenedor.com\/en\/wp-json\/wp\/v2\/comments?post=1000221"}],"wp:featuredmedia":[{"embeddable":true,"href":"https:\/\/cucharatenedor.com\/en\/wp-json\/wp\/v2\/media\/1000266"}],"wp:attachment":[{"href":"https:\/\/cucharatenedor.com\/en\/wp-json\/wp\/v2\/media?parent=1000221"}],"wp:term":[{"taxonomy":"product_brand","embeddable":true,"href":"https:\/\/cucharatenedor.com\/en\/wp-json\/wp\/v2\/product_brand?post=1000221"},{"taxonomy":"product_cat","embeddable":true,"href":"https:\/\/cucharatenedor.com\/en\/wp-json\/wp\/v2\/product_cat?post=1000221"},{"taxonomy":"product_tag","embeddable":true,"href":"https:\/\/cucharatenedor.com\/en\/wp-json\/wp\/v2\/product_tag?post=1000221"}],"curies":[{"name":"wp","href":"https:\/\/api.w.org\/{rel}","templated":true}]}}