{"id":1000391,"date":"2025-10-06T12:07:46","date_gmt":"2025-10-06T12:07:46","guid":{"rendered":"https:\/\/cucharatenedor.com\/?post_type=product&#038;p=1000391"},"modified":"2025-12-16T10:30:55","modified_gmt":"2025-12-16T10:30:55","slug":"mermaid-earrings-balance","status":"publish","type":"product","link":"https:\/\/cucharatenedor.com\/en\/pendientes-sirena-equilibrio\/","title":{"rendered":"Mermaid Balance Earrings"},"content":{"rendered":"<p>Beautiful open hoop earrings created with a semi-circular silver wire soldered to part of a silver spoon cut into the shape of a whale's tail.<\/p>\n<p>These are bold yet comfortable earrings. Although their size of almost 5 cm means they are not typical everyday earrings, they are lightweight, making them extremely comfortable to wear.<\/p>\n<p>The hoops come with silicone nuts to secure them, so you can put them through your ear hole as much as you like and play around with the earring design.<\/p>\n<p>Like all my pieces, these earrings can be made to order using your own silverware. I also accept custom orders, using silverware that I purchase, if you would prefer to make any changes to this design.<\/p>","protected":false},"excerpt":{"rendered":"<p>Preciosos pendientes en forma de aro abierto creado con un hilo de plata en forma semicircular soldado a una parte de una cuchara de plata cortada con forma de cola de ballena. Son unos pendientes atrevidos pero c\u00f3modos, ya que su tama\u00f1o de casi 5 cm no hacen que sean los t\u00edpicos pendientes para llevar [&hellip;]<\/p>\n","protected":false},"featured_media":1000478,"comment_status":"closed","ping_status":"closed","template":"","meta":[],"product_brand":[],"product_cat":[107,84,173],"product_tag":[128,87,73,124,75,209,77,225,289,176,145,91,127,92],"class_list":{"0":"post-1000391","1":"product","2":"type-product","3":"status-publish","4":"has-post-thumbnail","6":"product_cat-joyas-plateadas","7":"product_cat-mermaid-feelings","8":"product_cat-pendientes","9":"product_tag-aros","10":"product_tag-cola-de-ballena","11":"product_tag-cubiertos-antiguos","12":"product_tag-cuchara-o-tenedor","13":"product_tag-hecho-a-mano","14":"product_tag-jewellery","15":"product_tag-joyeria","16":"product_tag-joyeria-con-cubiertos","17":"product_tag-mermaid-jewellery","18":"product_tag-pendientes","19":"product_tag-plata","20":"product_tag-sirena","21":"product_tag-slowmade","22":"product_tag-whale-tale","24":"first","25":"instock","26":"shipping-taxable","27":"purchasable","28":"product-type-simple"},"_links":{"self":[{"href":"https:\/\/cucharatenedor.com\/en\/wp-json\/wp\/v2\/product\/1000391","targetHints":{"allow":["GET"]}}],"collection":[{"href":"https:\/\/cucharatenedor.com\/en\/wp-json\/wp\/v2\/product"}],"about":[{"href":"https:\/\/cucharatenedor.com\/en\/wp-json\/wp\/v2\/types\/product"}],"replies":[{"embeddable":true,"href":"https:\/\/cucharatenedor.com\/en\/wp-json\/wp\/v2\/comments?post=1000391"}],"wp:featuredmedia":[{"embeddable":true,"href":"https:\/\/cucharatenedor.com\/en\/wp-json\/wp\/v2\/media\/1000478"}],"wp:attachment":[{"href":"https:\/\/cucharatenedor.com\/en\/wp-json\/wp\/v2\/media?parent=1000391"}],"wp:term":[{"taxonomy":"product_brand","embeddable":true,"href":"https:\/\/cucharatenedor.com\/en\/wp-json\/wp\/v2\/product_brand?post=1000391"},{"taxonomy":"product_cat","embeddable":true,"href":"https:\/\/cucharatenedor.com\/en\/wp-json\/wp\/v2\/product_cat?post=1000391"},{"taxonomy":"product_tag","embeddable":true,"href":"https:\/\/cucharatenedor.com\/en\/wp-json\/wp\/v2\/product_tag?post=1000391"}],"curies":[{"name":"wp","href":"https:\/\/api.w.org\/{rel}","templated":true}]}}