{"id":1000393,"date":"2025-10-06T12:07:46","date_gmt":"2025-10-06T12:07:46","guid":{"rendered":"https:\/\/cucharatenedor.com\/?post_type=product&#038;p=1000393"},"modified":"2025-10-06T12:07:56","modified_gmt":"2025-10-06T12:07:56","slug":"shakti-bano-gold-earrings","status":"publish","type":"product","link":"https:\/\/cucharatenedor.com\/en\/pendientes-shakti-bano-en-oro\/","title":{"rendered":"Shakti Earrings \u2013 gold plated"},"content":{"rendered":"<p>Beautiful earrings created with two silver fork prongs. The cut taken from the base of the fork makes them look like bent spikes, a design that looks very elegant and pretty when worn.<\/p>\n<p>These earrings are bold yet comfortable, and their medium size means they look great whether you have short or long hair. And if you like gold jewellery, you won't want to take off these 24-carat gold-plated earrings.<\/p>\n<p>Like all my pieces, these earrings can be made to order using your own silverware, and I also accept custom orders, using silverware that I purchase, if you would prefer to make any changes to this design. I can also create them in silver.<\/p>","protected":false},"excerpt":{"rendered":"<p>Preciosos pendientes creados con dos p\u00faas de tenedor de plata el corte sacado de la base del tenedor hace que parezcan unos pinchos doblados, un dise\u00f1o que puesto queda muy elegante y bonito. Son unos pendientes atrevidos pero c\u00f3modos, al ser medianos son unos pendientes que quedan muy bonitos tanto si llevas el pelo corto [&hellip;]<\/p>\n","protected":false},"featured_media":1000486,"comment_status":"closed","ping_status":"closed","template":"","meta":[],"product_brand":[],"product_cat":[107,173],"product_tag":[128,298,213,208,75,299,77,109,292,78,176,300,301,127,96],"class_list":{"0":"post-1000393","1":"product","2":"type-product","3":"status-publish","4":"has-post-thumbnail","6":"product_cat-joyas-plateadas","7":"product_cat-pendientes","8":"product_tag-aros","9":"product_tag-creado-con-cubiertos","10":"product_tag-cubiertos-de-plata","11":"product_tag-handmade","12":"product_tag-hecho-a-mano","13":"product_tag-joyas-doradas","14":"product_tag-joyeria","15":"product_tag-joyeria-creativa","16":"product_tag-made-in-menorca","17":"product_tag-oro","18":"product_tag-pendientes","19":"product_tag-pendientes-de-plata","20":"product_tag-pendientes-oro","21":"product_tag-slowmade","22":"product_tag-upcycling","24":"first","25":"instock","26":"shipping-taxable","27":"purchasable","28":"product-type-simple"},"_links":{"self":[{"href":"https:\/\/cucharatenedor.com\/en\/wp-json\/wp\/v2\/product\/1000393","targetHints":{"allow":["GET"]}}],"collection":[{"href":"https:\/\/cucharatenedor.com\/en\/wp-json\/wp\/v2\/product"}],"about":[{"href":"https:\/\/cucharatenedor.com\/en\/wp-json\/wp\/v2\/types\/product"}],"replies":[{"embeddable":true,"href":"https:\/\/cucharatenedor.com\/en\/wp-json\/wp\/v2\/comments?post=1000393"}],"wp:featuredmedia":[{"embeddable":true,"href":"https:\/\/cucharatenedor.com\/en\/wp-json\/wp\/v2\/media\/1000486"}],"wp:attachment":[{"href":"https:\/\/cucharatenedor.com\/en\/wp-json\/wp\/v2\/media?parent=1000393"}],"wp:term":[{"taxonomy":"product_brand","embeddable":true,"href":"https:\/\/cucharatenedor.com\/en\/wp-json\/wp\/v2\/product_brand?post=1000393"},{"taxonomy":"product_cat","embeddable":true,"href":"https:\/\/cucharatenedor.com\/en\/wp-json\/wp\/v2\/product_cat?post=1000393"},{"taxonomy":"product_tag","embeddable":true,"href":"https:\/\/cucharatenedor.com\/en\/wp-json\/wp\/v2\/product_tag?post=1000393"}],"curies":[{"name":"wp","href":"https:\/\/api.w.org\/{rel}","templated":true}]}}