{"id":1000524,"date":"2025-10-06T12:08:01","date_gmt":"2025-10-06T12:08:01","guid":{"rendered":"https:\/\/cucharatenedor.com\/?post_type=product&#038;p=1000524"},"modified":"2025-10-06T12:08:05","modified_gmt":"2025-10-06T12:08:05","slug":"amethyst-vasthi-necklace","status":"publish","type":"product","link":"https:\/\/cucharatenedor.com\/en\/collar-vasthi-amatista\/","title":{"rendered":"Vasthi Amatista Necklace"},"content":{"rendered":"<p>This unique piece is created from a part extracted from an antique silver-plated soup spoon, flattened and cut into a crescent shape. I have set an oval amethyst in silver on top of it and, to finish it off, this design features hand-embossed details that create textures on the underside of the pendant to give the necklace more character and personality. In addition, the chain that holds the pendant forms a small, subtle line above the pendant, passing through the back of the stone set on the antique spoon.<\/p>\n<p>The pendant measures 3.1 x 2.8 cm and the oval stone, which is set slightly crooked to the left, measures 1.2 x 1.7 cm.<\/p>\n<p>This necklace comes with a 55 cm chain, but if you would prefer a shorter chain or a leather cord, please let me know and I will prepare it for you.<\/p>\n<p>The pendant has a matte finish. If you would prefer a shinier finish, simply leave a note with your order.<\/p>\n<p>&nbsp;<\/p>\n<p>AMETHYST<\/p>\n<p>Amethyst is an extraordinarily powerful and protective stone with a high spiritual vibration. It has great healing and cleansing powers, enhances spiritual awareness, and is extremely beneficial for the mind, helping you to focus on your goals, enhancing the assimilation of new ideas, and facilitating decision-making.<\/p>\n<p>This stone boosts memory and improves motivation, enabling you to set realistic goals. It is one of the most spiritual stones, as it promotes love for the divine and opens up intuition, making it an excellent stone for meditation.<\/p>","protected":false},"excerpt":{"rendered":"<p>Esta pieza \u00fanica, est\u00e1 creada con una parte extra\u00edda de una cuchara sopera antigua ba\u00f1ada en plata, aplanada y cortada con forma de media luna. Sobre la que he engastado con plata una amatista ovalada \u00a0y para acabarlo este dise\u00f1o lleva unos detalles repujados a mano que dibujan unas texturas en la parte inferior del [&hellip;]<\/p>\n","protected":false},"featured_media":1000565,"comment_status":"closed","ping_status":"closed","template":"","meta":[],"product_brand":[],"product_cat":[69,107],"product_tag":[326,251,72,123,124,117,327,194,328,75,77,168,113,199,80,81,127,329],"class_list":{"0":"post-1000524","1":"product","2":"type-product","3":"status-publish","4":"has-post-thumbnail","6":"product_cat-collares","7":"product_cat-joyas-plateadas","8":"product_tag-amatista","9":"product_tag-colgante","10":"product_tag-collar","11":"product_tag-cuchara","12":"product_tag-cuchara-o-tenedor","13":"product_tag-cuero","14":"product_tag-fetama","15":"product_tag-gema","16":"product_tag-gemstone","17":"product_tag-hecho-a-mano","18":"product_tag-joyeria","19":"product_tag-mineral","20":"product_tag-mujer","21":"product_tag-piedra","22":"product_tag-pieza-unica","23":"product_tag-reciclaje","24":"product_tag-slowmade","25":"product_tag-stone","27":"first","28":"instock","29":"shipping-taxable","30":"purchasable","31":"product-type-simple"},"_links":{"self":[{"href":"https:\/\/cucharatenedor.com\/en\/wp-json\/wp\/v2\/product\/1000524","targetHints":{"allow":["GET"]}}],"collection":[{"href":"https:\/\/cucharatenedor.com\/en\/wp-json\/wp\/v2\/product"}],"about":[{"href":"https:\/\/cucharatenedor.com\/en\/wp-json\/wp\/v2\/types\/product"}],"replies":[{"embeddable":true,"href":"https:\/\/cucharatenedor.com\/en\/wp-json\/wp\/v2\/comments?post=1000524"}],"wp:featuredmedia":[{"embeddable":true,"href":"https:\/\/cucharatenedor.com\/en\/wp-json\/wp\/v2\/media\/1000565"}],"wp:attachment":[{"href":"https:\/\/cucharatenedor.com\/en\/wp-json\/wp\/v2\/media?parent=1000524"}],"wp:term":[{"taxonomy":"product_brand","embeddable":true,"href":"https:\/\/cucharatenedor.com\/en\/wp-json\/wp\/v2\/product_brand?post=1000524"},{"taxonomy":"product_cat","embeddable":true,"href":"https:\/\/cucharatenedor.com\/en\/wp-json\/wp\/v2\/product_cat?post=1000524"},{"taxonomy":"product_tag","embeddable":true,"href":"https:\/\/cucharatenedor.com\/en\/wp-json\/wp\/v2\/product_tag?post=1000524"}],"curies":[{"name":"wp","href":"https:\/\/api.w.org\/{rel}","templated":true}]}}