{"id":1000530,"date":"2025-10-06T12:08:02","date_gmt":"2025-10-06T12:08:02","guid":{"rendered":"https:\/\/cucharatenedor.com\/?post_type=product&#038;p=1000530"},"modified":"2025-10-06T12:08:08","modified_gmt":"2025-10-06T12:08:08","slug":"pack-of-3-golden-guah","status":"publish","type":"product","link":"https:\/\/cucharatenedor.com\/en\/pack-3-guah-dorado\/","title":{"rendered":"Pack of 3 golden g\u00fcah"},"content":{"rendered":"<p>Pack of 3 brass g\u00fcah rings, handcrafted from the prongs of an antique brass fork, with a subtle, beautiful golden hue.<\/p>\n<p>This design looks beautiful worn on its own, but as you can see, it also looks great when combined with other g\u00fcah rings. You can also combine it with other alpaca or silver g\u00fcah rings; the variation in materials makes each one special and unique. You can also combine them with simple silver rings in different finishes (hammered, smooth, braided, with a stone, etc.).<\/p>","protected":false},"excerpt":{"rendered":"<p>Pack de 3 anillos g\u00fcah de lat\u00f3n, creados a mano con las p\u00faas de un tenedor antiguo de lat\u00f3n, tiene un sutil tono dorado precioso. Este dise\u00f1o queda muy bonito llev\u00e1ndolo s\u00f3lo pero como ves luce muy bien, si lo combinas con otros anillos g\u00fcah, tambi\u00e9n puedes combinarlo con otros anillos g\u00fcah de alpaca o [&hellip;]<\/p>\n","protected":false},"featured_media":1000595,"comment_status":"closed","ping_status":"closed","template":"","meta":[],"product_brand":[],"product_cat":[106,179],"product_tag":[149,136,340,70,339,124,207,208,75,182,114,133,134,127,162],"class_list":{"0":"post-1000530","1":"product","2":"type-product","3":"status-publish","4":"has-post-thumbnail","6":"product_cat-anillos","7":"product_cat-laton","8":"product_tag-ajustable","9":"product_tag-anillo","10":"product_tag-anillos-combinables","11":"product_tag-artesania","12":"product_tag-brass","13":"product_tag-cuchara-o-tenedor","14":"product_tag-guah","15":"product_tag-handmade","16":"product_tag-hecho-a-mano","17":"product_tag-laton","18":"product_tag-pua","19":"product_tag-pua-tenedor","20":"product_tag-reciclaje-creativo","21":"product_tag-slowmade","22":"product_tag-tenedor","24":"first","25":"instock","26":"shipping-taxable","27":"purchasable","28":"product-type-simple"},"_links":{"self":[{"href":"https:\/\/cucharatenedor.com\/en\/wp-json\/wp\/v2\/product\/1000530","targetHints":{"allow":["GET"]}}],"collection":[{"href":"https:\/\/cucharatenedor.com\/en\/wp-json\/wp\/v2\/product"}],"about":[{"href":"https:\/\/cucharatenedor.com\/en\/wp-json\/wp\/v2\/types\/product"}],"replies":[{"embeddable":true,"href":"https:\/\/cucharatenedor.com\/en\/wp-json\/wp\/v2\/comments?post=1000530"}],"wp:featuredmedia":[{"embeddable":true,"href":"https:\/\/cucharatenedor.com\/en\/wp-json\/wp\/v2\/media\/1000595"}],"wp:attachment":[{"href":"https:\/\/cucharatenedor.com\/en\/wp-json\/wp\/v2\/media?parent=1000530"}],"wp:term":[{"taxonomy":"product_brand","embeddable":true,"href":"https:\/\/cucharatenedor.com\/en\/wp-json\/wp\/v2\/product_brand?post=1000530"},{"taxonomy":"product_cat","embeddable":true,"href":"https:\/\/cucharatenedor.com\/en\/wp-json\/wp\/v2\/product_cat?post=1000530"},{"taxonomy":"product_tag","embeddable":true,"href":"https:\/\/cucharatenedor.com\/en\/wp-json\/wp\/v2\/product_tag?post=1000530"}],"curies":[{"name":"wp","href":"https:\/\/api.w.org\/{rel}","templated":true}]}}