{"id":1000538,"date":"2025-10-06T12:08:02","date_gmt":"2025-10-06T12:08:02","guid":{"rendered":"https:\/\/cucharatenedor.com\/?post_type=product&#038;p=1000538"},"modified":"2026-03-24T16:54:17","modified_gmt":"2026-03-24T16:54:17","slug":"mermaid-set","status":"publish","type":"product","link":"https:\/\/cucharatenedor.com\/en\/conjunto-sirena\/","title":{"rendered":"Kundala Whale Set"},"content":{"rendered":"<p>Beautiful set created by a necklace made with an antique alpaca spoon and a ring created with a dessert spoon from the same cutlery, both pieces are inspired by the strength of the depths of the oceans.<\/p>\n<p>The necklace is created by cutting it by hand into the shape of a whale's tail or a mermaid's tail, to represent the strength of the oceans.<\/p>\n<p>I can adjust the ring to the size you need; you just have to choose your size when placing your order.<\/p>","protected":false},"excerpt":{"rendered":"<p>Bonito conjunto creado por un collar hecho con una cucharilla antiguas de alpaca y un anillo creado con una cucharilla de postre de la misma cuberteria, ambas piezas est\u00e1n inspiradas en la fortaleza de las profundidades de los oc\u00e9anos. El collar es creado cort\u00e1ndolo por m\u00ed a mano con forma de cola de ballena o [&hellip;]<\/p>\n","protected":false},"featured_media":1000624,"comment_status":"closed","ping_status":"closed","template":"","meta":[],"product_brand":[],"product_cat":[83,106,69,284,84],"product_tag":[149,136,183,191,288,152,74,156,157,90,91,127,92],"class_list":{"0":"post-1000538","1":"product","2":"type-product","3":"status-publish","4":"has-post-thumbnail","6":"product_cat-alpaca","7":"product_cat-anillos","8":"product_cat-collares","9":"product_cat-conjuntos","10":"product_cat-mermaid-feelings","11":"product_tag-ajustable","12":"product_tag-anillo","13":"product_tag-anillo-espiral-detalles","14":"product_tag-ballena","15":"product_tag-conjunto","16":"product_tag-cuberteria-antigua","17":"product_tag-cuchara-tenedor","18":"product_tag-detalles-antiguos","19":"product_tag-joyeria-reciclando","20":"product_tag-oceano","21":"product_tag-sirena","22":"product_tag-slowmade","23":"product_tag-whale-tale","25":"first","26":"instock","27":"shipping-taxable","28":"purchasable","29":"product-type-simple"},"_links":{"self":[{"href":"https:\/\/cucharatenedor.com\/en\/wp-json\/wp\/v2\/product\/1000538","targetHints":{"allow":["GET"]}}],"collection":[{"href":"https:\/\/cucharatenedor.com\/en\/wp-json\/wp\/v2\/product"}],"about":[{"href":"https:\/\/cucharatenedor.com\/en\/wp-json\/wp\/v2\/types\/product"}],"replies":[{"embeddable":true,"href":"https:\/\/cucharatenedor.com\/en\/wp-json\/wp\/v2\/comments?post=1000538"}],"wp:featuredmedia":[{"embeddable":true,"href":"https:\/\/cucharatenedor.com\/en\/wp-json\/wp\/v2\/media\/1000624"}],"wp:attachment":[{"href":"https:\/\/cucharatenedor.com\/en\/wp-json\/wp\/v2\/media?parent=1000538"}],"wp:term":[{"taxonomy":"product_brand","embeddable":true,"href":"https:\/\/cucharatenedor.com\/en\/wp-json\/wp\/v2\/product_brand?post=1000538"},{"taxonomy":"product_cat","embeddable":true,"href":"https:\/\/cucharatenedor.com\/en\/wp-json\/wp\/v2\/product_cat?post=1000538"},{"taxonomy":"product_tag","embeddable":true,"href":"https:\/\/cucharatenedor.com\/en\/wp-json\/wp\/v2\/product_tag?post=1000538"}],"curies":[{"name":"wp","href":"https:\/\/api.w.org\/{rel}","templated":true}]}}