{"id":1000539,"date":"2025-10-06T12:08:02","date_gmt":"2025-10-06T12:08:02","guid":{"rendered":"https:\/\/cucharatenedor.com\/?post_type=product&#038;p=1000539"},"modified":"2026-04-01T09:28:51","modified_gmt":"2026-04-01T09:28:51","slug":"lunar-eclipse-necklace","status":"publish","type":"product","link":"https:\/\/cucharatenedor.com\/en\/collar-eclipse-lunar\/","title":{"rendered":"Lunar eclipse necklace"},"content":{"rendered":"<div class=\"page\" title=\"Page 14\">\n<div class=\"section\">\n<div class=\"section\">\n<div class=\"layoutArea\">\n<div class=\"column\">\n<p>The lunar eclipse necklace is one of my favourites from this collection. It is a design created with the prong of a silver fork, to which I soldered small silver balls at the bottom of the prong, forming an open semicircle. At the top, I set a moonstone and finished it off with a large chain like the one in the eclipse design, creating a choker-style necklace.<\/p>\n<\/div>\n<\/div>\n<div class=\"page\" title=\"Page 14\">\n<div class=\"section\">\n<div class=\"layoutArea\">\n<div class=\"column\">\n<p>In the case of lunar eclipses, the energy that flows during the event is cosmic feminine energy, which brings us a tremendous opportunity as the heavens conspire in your favour. These eclipses herald a great harvest and the end of a cycle.<\/p>\n<p>There are three types of lunar eclipses: total, partial, and penumbral, with the former being the most intense and the latter being the least intense, but all vibrate energy of liberation and closure or the culmination of goals.<\/p>\n<\/div>\n<\/div>\n<\/div>\n<\/div>\n<div class=\"layoutArea\">\n<div class=\"column\">\n<p>During eclipse season, not only do events accelerate, but everything intensifies, both good and bad. Lunar eclipses are full moons and solar eclipses are new moons, where the lunation is at its strongest. Each eclipse season consists of two to three eclipses, always with a solar eclipse and a lunar eclipse, and an extra one that can be either solar or lunar.<\/p>\n<\/div>\n<\/div>\n<\/div>\n<\/div>\n<\/div>","protected":false},"excerpt":{"rendered":"<p>El collar eclipse lunar es uno de mis favoritos de esta colecci\u00f3n, un dise\u00f1o creado con la pua de un tenedor de plata al que le sold\u00e9 unas bolitas de plata en la parte inferior de la p\u00faa convertida en un semicirculo abierto, en la parte superior engastada una piedra luna y para terminarlo una [&hellip;]<\/p>\n","protected":false},"featured_media":1000637,"comment_status":"closed","ping_status":"closed","template":"","meta":[],"product_brand":[],"product_cat":[69,107],"product_tag":[99,280,72,152,74,155,346,347,328,75,77,109,254,348,79,80,145,158,134,127],"class_list":{"0":"post-1000539","1":"product","2":"type-product","3":"status-publish","4":"has-post-thumbnail","6":"product_cat-collares","7":"product_cat-joyas-plateadas","8":"product_tag-ciclo-lunar","9":"product_tag-coleccion-lunar","10":"product_tag-collar","11":"product_tag-cuberteria-antigua","12":"product_tag-cuchara-tenedor","13":"product_tag-detalle-cubierto","14":"product_tag-eclipse","15":"product_tag-fases-lunares","16":"product_tag-gemstone","17":"product_tag-hecho-a-mano","18":"product_tag-joyeria","19":"product_tag-joyeria-creativa","20":"product_tag-luna","21":"product_tag-lunatica","22":"product_tag-piedra-luna","23":"product_tag-pieza-unica","24":"product_tag-plata","25":"product_tag-pulsera","26":"product_tag-reciclaje-creativo","27":"product_tag-slowmade","29":"first","30":"instock","31":"shipping-taxable","32":"purchasable","33":"product-type-simple"},"_links":{"self":[{"href":"https:\/\/cucharatenedor.com\/en\/wp-json\/wp\/v2\/product\/1000539","targetHints":{"allow":["GET"]}}],"collection":[{"href":"https:\/\/cucharatenedor.com\/en\/wp-json\/wp\/v2\/product"}],"about":[{"href":"https:\/\/cucharatenedor.com\/en\/wp-json\/wp\/v2\/types\/product"}],"replies":[{"embeddable":true,"href":"https:\/\/cucharatenedor.com\/en\/wp-json\/wp\/v2\/comments?post=1000539"}],"wp:featuredmedia":[{"embeddable":true,"href":"https:\/\/cucharatenedor.com\/en\/wp-json\/wp\/v2\/media\/1000637"}],"wp:attachment":[{"href":"https:\/\/cucharatenedor.com\/en\/wp-json\/wp\/v2\/media?parent=1000539"}],"wp:term":[{"taxonomy":"product_brand","embeddable":true,"href":"https:\/\/cucharatenedor.com\/en\/wp-json\/wp\/v2\/product_brand?post=1000539"},{"taxonomy":"product_cat","embeddable":true,"href":"https:\/\/cucharatenedor.com\/en\/wp-json\/wp\/v2\/product_cat?post=1000539"},{"taxonomy":"product_tag","embeddable":true,"href":"https:\/\/cucharatenedor.com\/en\/wp-json\/wp\/v2\/product_tag?post=1000539"}],"curies":[{"name":"wp","href":"https:\/\/api.w.org\/{rel}","templated":true}]}}