{"id":1000691,"date":"2025-10-06T12:08:20","date_gmt":"2025-10-06T12:08:20","guid":{"rendered":"https:\/\/cucharatenedor.com\/?post_type=product&#038;p=1000691"},"modified":"2025-10-06T12:08:26","modified_gmt":"2025-10-06T12:08:26","slug":"male-ring","status":"publish","type":"product","link":"https:\/\/cucharatenedor.com\/en\/anillo-male\/","title":{"rendered":"Male Ring"},"content":{"rendered":"<p>Steel ring created from the handle of a piece of cutlery measuring approximately 1.1 cm.<\/p>\n<p>It is a smooth design created and designed for them, so the sizes are larger. These designs are not soldered, so both ends are simply joined together to form a circle. It is a straight, comfortable ring, but it is only available in sizes 23 and above.<\/p>","protected":false},"excerpt":{"rendered":"<p>Anillo de acero creado con el mango de un cubierto de unos 1,1 cm. Es un dise\u00f1o liso creado y dise\u00f1ado para ellos por lo que las tallas son m\u00e1s grandes, son dise\u00f1os que no est\u00e1n soldados por lo que quedan simplemente unidos ambos extremos al formar el circulo. Es un anillo recto y c\u00f3modo [&hellip;]<\/p>\n","protected":false},"featured_media":1000733,"comment_status":"closed","ping_status":"closed","template":"","meta":[],"product_brand":[],"product_cat":[387,106,131],"product_tag":[388,136,73,389,75,118,390,391,392,157,292,393,137],"class_list":{"0":"post-1000691","1":"product","2":"type-product","3":"status-publish","4":"has-post-thumbnail","6":"product_cat-acero","7":"product_cat-anillos","8":"product_cat-para-el","9":"product_tag-acero","10":"product_tag-anillo","11":"product_tag-cubiertos-antiguos","12":"product_tag-for-men","13":"product_tag-hecho-a-mano","14":"product_tag-hombre","15":"product_tag-inox","16":"product_tag-iron","17":"product_tag-joyeria-masculina","18":"product_tag-joyeria-reciclando","19":"product_tag-made-in-menorca","20":"product_tag-male","21":"product_tag-men-jewelry","23":"first","24":"instock","25":"shipping-taxable","26":"purchasable","27":"product-type-simple"},"_links":{"self":[{"href":"https:\/\/cucharatenedor.com\/en\/wp-json\/wp\/v2\/product\/1000691","targetHints":{"allow":["GET"]}}],"collection":[{"href":"https:\/\/cucharatenedor.com\/en\/wp-json\/wp\/v2\/product"}],"about":[{"href":"https:\/\/cucharatenedor.com\/en\/wp-json\/wp\/v2\/types\/product"}],"replies":[{"embeddable":true,"href":"https:\/\/cucharatenedor.com\/en\/wp-json\/wp\/v2\/comments?post=1000691"}],"wp:featuredmedia":[{"embeddable":true,"href":"https:\/\/cucharatenedor.com\/en\/wp-json\/wp\/v2\/media\/1000733"}],"wp:attachment":[{"href":"https:\/\/cucharatenedor.com\/en\/wp-json\/wp\/v2\/media?parent=1000691"}],"wp:term":[{"taxonomy":"product_brand","embeddable":true,"href":"https:\/\/cucharatenedor.com\/en\/wp-json\/wp\/v2\/product_brand?post=1000691"},{"taxonomy":"product_cat","embeddable":true,"href":"https:\/\/cucharatenedor.com\/en\/wp-json\/wp\/v2\/product_cat?post=1000691"},{"taxonomy":"product_tag","embeddable":true,"href":"https:\/\/cucharatenedor.com\/en\/wp-json\/wp\/v2\/product_tag?post=1000691"}],"curies":[{"name":"wp","href":"https:\/\/api.w.org\/{rel}","templated":true}]}}