{"id":1000698,"date":"2025-10-06T12:08:20","date_gmt":"2025-10-06T12:08:20","guid":{"rendered":"https:\/\/cucharatenedor.com\/?post_type=product&#038;p=1000698"},"modified":"2026-03-26T16:20:34","modified_gmt":"2026-03-26T16:20:34","slug":"golden-triangle-necklace","status":"publish","type":"product","link":"https:\/\/cucharatenedor.com\/en\/collar-golden-triangulo\/","title":{"rendered":"Mini triangle necklace"},"content":{"rendered":"<p>Golden necklace created by reusing an old brass or silver knife, cut in the shape of a triangle and combined with a brass cord chain, a fine and tiny piece to wear every day alone or combined with other necklaces.<\/p>\n<p>All necklaces are handmade and each one is unique.<\/p>","protected":false},"excerpt":{"rendered":"<p>Collar dorado creado reutilizando un cuchillo antiguo de lat\u00f3n o plata, recortado en forma de tri\u00e1ngulo y combinado con una cadena de cord\u00f3n de lat\u00f3n, una pieza fina y peque\u00f1ita para poder llevar cada d\u00eda sola o combinando con otros collares. Todos los collares son realizados a mano y cada uno de ellos es diferente.<\/p>","protected":false},"featured_media":1000763,"comment_status":"closed","ping_status":"closed","template":"","meta":[],"product_brand":[],"product_cat":[69,67,107],"product_tag":[405,72,102,406,75,77,127,82],"class_list":{"0":"post-1000698","1":"product","2":"type-product","3":"status-publish","4":"has-post-thumbnail","6":"product_cat-collares","7":"product_cat-joyas-doradas","8":"product_cat-joyas-plateadas","9":"product_tag-405","10":"product_tag-collar","11":"product_tag-dorado","12":"product_tag-geometria-sagrada","13":"product_tag-hecho-a-mano","14":"product_tag-joyeria","15":"product_tag-slowmade","16":"product_tag-triangulo","18":"first","19":"instock","20":"shipping-taxable","21":"purchasable","22":"product-type-variable"},"_links":{"self":[{"href":"https:\/\/cucharatenedor.com\/en\/wp-json\/wp\/v2\/product\/1000698","targetHints":{"allow":["GET"]}}],"collection":[{"href":"https:\/\/cucharatenedor.com\/en\/wp-json\/wp\/v2\/product"}],"about":[{"href":"https:\/\/cucharatenedor.com\/en\/wp-json\/wp\/v2\/types\/product"}],"replies":[{"embeddable":true,"href":"https:\/\/cucharatenedor.com\/en\/wp-json\/wp\/v2\/comments?post=1000698"}],"wp:featuredmedia":[{"embeddable":true,"href":"https:\/\/cucharatenedor.com\/en\/wp-json\/wp\/v2\/media\/1000763"}],"wp:attachment":[{"href":"https:\/\/cucharatenedor.com\/en\/wp-json\/wp\/v2\/media?parent=1000698"}],"wp:term":[{"taxonomy":"product_brand","embeddable":true,"href":"https:\/\/cucharatenedor.com\/en\/wp-json\/wp\/v2\/product_brand?post=1000698"},{"taxonomy":"product_cat","embeddable":true,"href":"https:\/\/cucharatenedor.com\/en\/wp-json\/wp\/v2\/product_cat?post=1000698"},{"taxonomy":"product_tag","embeddable":true,"href":"https:\/\/cucharatenedor.com\/en\/wp-json\/wp\/v2\/product_tag?post=1000698"}],"curies":[{"name":"wp","href":"https:\/\/api.w.org\/{rel}","templated":true}]}}