{"id":1000857,"date":"2025-10-06T12:08:41","date_gmt":"2025-10-06T12:08:41","guid":{"rendered":"https:\/\/cucharatenedor.com\/?post_type=product&#038;p=1000857"},"modified":"2026-05-06T14:35:27","modified_gmt":"2026-05-06T14:35:27","slug":"koru-one-love-bracelet","status":"publish","type":"product","link":"https:\/\/cucharatenedor.com\/en\/pulsera-koru-one-love\/","title":{"rendered":"Bracelet Koru Bracelet One Love design"},"content":{"rendered":"<p>Bracelet handmade from an antique silver or alpaca plated fork, modified into a unique piece whose tines draw a symmetrical design of a heart.<\/p>\n<p>I can create this design in brass or nickel silver if you prefer. You can place a custom order, and if you would like a different design to the ones shown on the website, I can also make it to order.<\/p>\n<p>This is a matte finish design, so if you want your bracelet to be shiny, please mention this when placing your order.<\/p>","protected":false},"excerpt":{"rendered":"<p>Pulsera creada a mano con un tenedor antiguo con ba\u00f1o en plata o alpaca, modificado para convertirlo en una pieza \u00fanica cuyas p\u00faas dibujan un dise\u00f1o sim\u00e9trico dibujando un coraz\u00f3n. Este dise\u00f1o lo puedo crear si lo prefieres en lat\u00f3n o alpaca, puedes hacer un encargo personalizado, al igual que si prefieres que haga un [&hellip;]<\/p>\n","protected":false},"featured_media":1000898,"comment_status":"closed","ping_status":"closed","template":"","meta":[],"product_brand":[],"product_cat":[107,148],"product_tag":[149,86,150,151,152,74,155,143,156,777,75,77,157,144,145,158,778,161,134,162],"class_list":{"0":"post-1000857","1":"product","2":"type-product","3":"status-publish","4":"has-post-thumbnail","6":"product_cat-joyas-plateadas","7":"product_cat-pulseras","8":"product_tag-ajustable","9":"product_tag-alpaca","10":"product_tag-bracelet","11":"product_tag-brazalete","12":"product_tag-cuberteria-antigua","13":"product_tag-cuchara-tenedor","14":"product_tag-detalle-cubierto","15":"product_tag-detalles","16":"product_tag-detalles-antiguos","17":"product_tag-fork-bracelet","18":"product_tag-hecho-a-mano","19":"product_tag-joyeria","20":"product_tag-joyeria-reciclando","21":"product_tag-mango","22":"product_tag-plata","23":"product_tag-pulsera","24":"product_tag-pulsera-tenedor","25":"product_tag-reciclado","26":"product_tag-reciclaje-creativo","27":"product_tag-tenedor","29":"first","30":"instock","31":"shipping-taxable","32":"purchasable","33":"product-type-variable"},"_links":{"self":[{"href":"https:\/\/cucharatenedor.com\/en\/wp-json\/wp\/v2\/product\/1000857","targetHints":{"allow":["GET"]}}],"collection":[{"href":"https:\/\/cucharatenedor.com\/en\/wp-json\/wp\/v2\/product"}],"about":[{"href":"https:\/\/cucharatenedor.com\/en\/wp-json\/wp\/v2\/types\/product"}],"replies":[{"embeddable":true,"href":"https:\/\/cucharatenedor.com\/en\/wp-json\/wp\/v2\/comments?post=1000857"}],"wp:featuredmedia":[{"embeddable":true,"href":"https:\/\/cucharatenedor.com\/en\/wp-json\/wp\/v2\/media\/1000898"}],"wp:attachment":[{"href":"https:\/\/cucharatenedor.com\/en\/wp-json\/wp\/v2\/media?parent=1000857"}],"wp:term":[{"taxonomy":"product_brand","embeddable":true,"href":"https:\/\/cucharatenedor.com\/en\/wp-json\/wp\/v2\/product_brand?post=1000857"},{"taxonomy":"product_cat","embeddable":true,"href":"https:\/\/cucharatenedor.com\/en\/wp-json\/wp\/v2\/product_cat?post=1000857"},{"taxonomy":"product_tag","embeddable":true,"href":"https:\/\/cucharatenedor.com\/en\/wp-json\/wp\/v2\/product_tag?post=1000857"}],"curies":[{"name":"wp","href":"https:\/\/api.w.org\/{rel}","templated":true}]}}