{"id":1000859,"date":"2025-10-06T12:08:41","date_gmt":"2025-10-06T12:08:41","guid":{"rendered":"https:\/\/cucharatenedor.com\/?post_type=product&#038;p=1000859"},"modified":"2026-03-26T17:53:21","modified_gmt":"2026-03-26T17:53:21","slug":"seed-earrings","status":"publish","type":"product","link":"https:\/\/cucharatenedor.com\/en\/pendientes-semilla\/","title":{"rendered":"SEED EARRINGS"},"content":{"rendered":"<p>These beautiful earrings are a new version I have created with these teardrop-shaped tiger's eyes, a design created with the silver crescent moon taken from an antique spoon. They are a unique piece, available to be created to order with another type of stone.<\/p>\n<p>They are large earrings, measuring approximately 3cm x 3cm, and the stone that decorates them measures approximately 1.3cm x 2cm.<\/p>\n<p>&nbsp;<\/p>","protected":false},"excerpt":{"rendered":"<p>Estos preciosos pendientes son una nueva versi\u00f3n que he creado con estos ojos de tigre con forma de l\u00e1grima, un dise\u00f1o creado con la media luna de plata sacada de una cuchara antigua. Son una pieza \u00fanica, disponible a crear bajo encargo con alg\u00fan otro tipo de piedra. Son unos pendientes grandes, hacen unos 3cm [&hellip;]<\/p>\n","protected":false},"featured_media":1000906,"comment_status":"closed","ping_status":"closed","template":"","meta":[],"product_brand":[],"product_cat":[107,173],"product_tag":[139,140,467,72,141,142,74,143,208,75,144,171,80,145,468],"class_list":{"0":"post-1000859","1":"product","2":"type-product","3":"status-publish","4":"has-post-thumbnail","6":"product_cat-joyas-plateadas","7":"product_cat-pendientes","8":"product_tag-antiguedades","9":"product_tag-antiguo","10":"product_tag-cadena-plata","11":"product_tag-collar","12":"product_tag-collar-mango","13":"product_tag-cubierto","14":"product_tag-cuchara-tenedor","15":"product_tag-detalles","16":"product_tag-handmade","17":"product_tag-hecho-a-mano","18":"product_tag-mango","19":"product_tag-ojo-de-tigre","20":"product_tag-pieza-unica","21":"product_tag-plata","22":"product_tag-semilla","24":"first","25":"instock","26":"shipping-taxable","27":"purchasable","28":"product-type-simple"},"_links":{"self":[{"href":"https:\/\/cucharatenedor.com\/en\/wp-json\/wp\/v2\/product\/1000859","targetHints":{"allow":["GET"]}}],"collection":[{"href":"https:\/\/cucharatenedor.com\/en\/wp-json\/wp\/v2\/product"}],"about":[{"href":"https:\/\/cucharatenedor.com\/en\/wp-json\/wp\/v2\/types\/product"}],"replies":[{"embeddable":true,"href":"https:\/\/cucharatenedor.com\/en\/wp-json\/wp\/v2\/comments?post=1000859"}],"wp:featuredmedia":[{"embeddable":true,"href":"https:\/\/cucharatenedor.com\/en\/wp-json\/wp\/v2\/media\/1000906"}],"wp:attachment":[{"href":"https:\/\/cucharatenedor.com\/en\/wp-json\/wp\/v2\/media?parent=1000859"}],"wp:term":[{"taxonomy":"product_brand","embeddable":true,"href":"https:\/\/cucharatenedor.com\/en\/wp-json\/wp\/v2\/product_brand?post=1000859"},{"taxonomy":"product_cat","embeddable":true,"href":"https:\/\/cucharatenedor.com\/en\/wp-json\/wp\/v2\/product_cat?post=1000859"},{"taxonomy":"product_tag","embeddable":true,"href":"https:\/\/cucharatenedor.com\/en\/wp-json\/wp\/v2\/product_tag?post=1000859"}],"curies":[{"name":"wp","href":"https:\/\/api.w.org\/{rel}","templated":true}]}}