{"id":1000865,"date":"2025-10-06T12:08:42","date_gmt":"2025-10-06T12:08:42","guid":{"rendered":"https:\/\/cucharatenedor.com\/?post_type=product&#038;p=1000865"},"modified":"2025-10-06T12:08:50","modified_gmt":"2025-10-06T12:08:50","slug":"moonstone-ring","status":"publish","type":"product","link":"https:\/\/cucharatenedor.com\/en\/anillo-feel-piedra-luna\/","title":{"rendered":"Moonstone feel ring"},"content":{"rendered":"<p>Feel Moonstone ring created from the handle of an antique dessert cutlery piece, decorated with a moonstone set in silver.<\/p>\n<p>This ring is a unique adjustable piece.<\/p>\n<p>If you like this design and would like me to create it with another stone or another type of design, you can place a custom order so we can design something together., <a href=\"https:\/\/cucharatenedor.com\/en\/contact\/\">You can write to me without any obligation.\u00a0<\/a><\/p>\n<p><strong>MOONSTONE<\/strong><\/p>\n<p>The name of this gemstone is related to the brightness of the moon. Its shades and sparkles convey magnetism, mystery and magic, and it is characterised by its beautiful whitish colour and iridescent blue reflections. Without a doubt, the energy of this stone is very special; it is a stone that is particularly linked to women and femininity.<\/p>\n<p>The properties of moonstone are associated with the cyclical changes experienced by the female body, such as menstruation, pregnancy, childbirth, breastfeeding, menopause, etc. This mineral is linked to hormonal balance, providing stability and benefits during the different stages of the body's life cycle.<\/p>\n<p>In addition, it is also related to controlling emotional imbalances. This natural stone promotes calm and relaxation for all women who suffer from moments of instability or heightened sensitivity.<\/p>","protected":false},"excerpt":{"rendered":"<p>Anillo Feel Moonstone creado con el mango de un cubierto antiguo de postre decorado con una piedra Luna engastada en plata. Este anillo es pieza \u00fanica\u00a0ajustable Si te gusta este dise\u00f1o y te gustar\u00eda que lo cree con otra piedra u otro tipo de dise\u00f1o puedes hacer tu encargo personalizado para dise\u00f1ar algo juntas, puedes [&hellip;]<\/p>\n","protected":false},"featured_media":1000936,"comment_status":"closed","ping_status":"closed","template":"","meta":[],"product_brand":[],"product_cat":[106,107],"product_tag":[136,483,484,101,215,75,282,199,79,145,115],"class_list":{"0":"post-1000865","1":"product","2":"type-product","3":"status-publish","4":"has-post-thumbnail","6":"product_cat-anillos","7":"product_cat-joyas-plateadas","8":"product_tag-anillo","9":"product_tag-anillo-de-plata","10":"product_tag-anillo-piedra-luna","11":"product_tag-cubiertos","12":"product_tag-cucharilla","13":"product_tag-hecho-a-mano","14":"product_tag-moonstone","15":"product_tag-piedra","16":"product_tag-piedra-luna","17":"product_tag-plata","18":"product_tag-regulable","20":"first","21":"instock","22":"shipping-taxable","23":"purchasable","24":"product-type-simple"},"_links":{"self":[{"href":"https:\/\/cucharatenedor.com\/en\/wp-json\/wp\/v2\/product\/1000865","targetHints":{"allow":["GET"]}}],"collection":[{"href":"https:\/\/cucharatenedor.com\/en\/wp-json\/wp\/v2\/product"}],"about":[{"href":"https:\/\/cucharatenedor.com\/en\/wp-json\/wp\/v2\/types\/product"}],"replies":[{"embeddable":true,"href":"https:\/\/cucharatenedor.com\/en\/wp-json\/wp\/v2\/comments?post=1000865"}],"wp:featuredmedia":[{"embeddable":true,"href":"https:\/\/cucharatenedor.com\/en\/wp-json\/wp\/v2\/media\/1000936"}],"wp:attachment":[{"href":"https:\/\/cucharatenedor.com\/en\/wp-json\/wp\/v2\/media?parent=1000865"}],"wp:term":[{"taxonomy":"product_brand","embeddable":true,"href":"https:\/\/cucharatenedor.com\/en\/wp-json\/wp\/v2\/product_brand?post=1000865"},{"taxonomy":"product_cat","embeddable":true,"href":"https:\/\/cucharatenedor.com\/en\/wp-json\/wp\/v2\/product_cat?post=1000865"},{"taxonomy":"product_tag","embeddable":true,"href":"https:\/\/cucharatenedor.com\/en\/wp-json\/wp\/v2\/product_tag?post=1000865"}],"curies":[{"name":"wp","href":"https:\/\/api.w.org\/{rel}","templated":true}]}}