{"id":1000882,"date":"2025-10-06T12:08:43","date_gmt":"2025-10-06T12:08:43","guid":{"rendered":"https:\/\/cucharatenedor.com\/?post_type=product&#038;p=1000882"},"modified":"2026-04-01T08:20:25","modified_gmt":"2026-04-01T08:20:25","slug":"hara-sakura-bracelet","status":"publish","type":"product","link":"https:\/\/cucharatenedor.com\/en\/pulsera-hara-sakura\/","title":{"rendered":"Hara Sakura Bracelet"},"content":{"rendered":"<p>Handcrafted bracelet made from an antique silver-plated fork, with beautiful floral details. The design is created using a three-pronged fish fork, which is wider than a standard fork. As they are handmade, each piece has something that makes it special and unique. This is undoubtedly a unique and very special design due to the details of the cutlery itself.<\/p>\n<p>It has a matte finish, so if you would prefer your bracelet to be shiny, please mention this when placing your order.<\/p>\n<p>This bracelet is designed to be worn on the forearm, either alone or combined with other silver or other material bracelets, but it can also be adjusted to be worn on the wrist, with the spikes on the inside and the floral details on the handle taking centre stage in the design.<\/p>\n<p>A perfect design to wear on special occasions that will undoubtedly attract attention, or to wear every day during the summer season until the sun leaves its mark on your skin. I'm sure you won't want to take it off.<\/p>\n<p>This bracelet model also has a matching ring design and a whale tail bracelet model with the same details as the antique Sakura cutlery.<\/p>\n<p>&nbsp;<\/p>","protected":false},"excerpt":{"rendered":"<p>Pulsera &#8211; brazalete creada a mano con un tenedor antiguo ba\u00f1ado en plata, con unos detalles florales super bonitos. El dise\u00f1o est\u00e1 creado utilizando un tenedor de pescado de 3 p\u00faas, m\u00e1s anchas de lo normal para un tenedor sencillo. Al estar creadas a mano, todas las piezas tienen algo que las hace especiales y [&hellip;]<\/p>\n","protected":false},"featured_media":1001009,"comment_status":"closed","ping_status":"closed","template":"","meta":[],"product_brand":[],"product_cat":[107,148],"product_tag":[151,156,519,75,77,109,158,81,520,521,162,522,523,325],"class_list":{"0":"post-1000882","1":"product","2":"type-product","3":"status-publish","4":"has-post-thumbnail","6":"product_cat-joyas-plateadas","7":"product_cat-pulseras","8":"product_tag-brazalete","9":"product_tag-detalles-antiguos","10":"product_tag-flores","11":"product_tag-hecho-a-mano","12":"product_tag-joyeria","13":"product_tag-joyeria-creativa","14":"product_tag-pulsera","15":"product_tag-reciclaje","16":"product_tag-reutilizar","17":"product_tag-silver-foro","18":"product_tag-tenedor","19":"product_tag-tenedor-de-plata","20":"product_tag-tenedor-vintage","21":"product_tag-vintage","23":"first","24":"instock","25":"shipping-taxable","26":"purchasable","27":"product-type-simple"},"_links":{"self":[{"href":"https:\/\/cucharatenedor.com\/en\/wp-json\/wp\/v2\/product\/1000882","targetHints":{"allow":["GET"]}}],"collection":[{"href":"https:\/\/cucharatenedor.com\/en\/wp-json\/wp\/v2\/product"}],"about":[{"href":"https:\/\/cucharatenedor.com\/en\/wp-json\/wp\/v2\/types\/product"}],"replies":[{"embeddable":true,"href":"https:\/\/cucharatenedor.com\/en\/wp-json\/wp\/v2\/comments?post=1000882"}],"wp:featuredmedia":[{"embeddable":true,"href":"https:\/\/cucharatenedor.com\/en\/wp-json\/wp\/v2\/media\/1001009"}],"wp:attachment":[{"href":"https:\/\/cucharatenedor.com\/en\/wp-json\/wp\/v2\/media?parent=1000882"}],"wp:term":[{"taxonomy":"product_brand","embeddable":true,"href":"https:\/\/cucharatenedor.com\/en\/wp-json\/wp\/v2\/product_brand?post=1000882"},{"taxonomy":"product_cat","embeddable":true,"href":"https:\/\/cucharatenedor.com\/en\/wp-json\/wp\/v2\/product_cat?post=1000882"},{"taxonomy":"product_tag","embeddable":true,"href":"https:\/\/cucharatenedor.com\/en\/wp-json\/wp\/v2\/product_tag?post=1000882"}],"curies":[{"name":"wp","href":"https:\/\/api.w.org\/{rel}","templated":true}]}}