{"id":1000883,"date":"2026-04-20T00:08:43","date_gmt":"2026-04-20T00:08:43","guid":{"rendered":"https:\/\/cucharatenedor.com\/?post_type=product&#038;p=1000883"},"modified":"2026-04-20T12:46:08","modified_gmt":"2026-04-20T12:46:08","slug":"whale-tail-bracelet-created-from-a-silver-cocktail-spoon-with-details","status":"publish","type":"product","link":"https:\/\/cucharatenedor.com\/en\/pulsera-cola-de-ballena-creada-con-cuchara-de-plata-de-cocktel-con-detalles\/","title":{"rendered":"Whale Tail Bracelet with cocktail spoon details"},"content":{"rendered":"<p>Pulsera creada a mano con una cuchara de cocktel antigua de plata 800, creada utilizando la parte c\u00f3ncava de la cuchara para crear la forma de cola de ballena o de sirena. Al estar creadas a mano, todas las piezas tienen algo que las hace especiales y \u00fanicas, reciclando una cuchara lisa que le da mucha finura y elegancia, en este caso el tama\u00f1o de la cuchara empleada para crear este dise\u00f1o la hace un modelo muy especial, ya que la cola de ballena es m\u00e1s peque\u00f1a que en los modelos de brazalete y se puede ajustar tanto para llevar como brazalete y como pulsera.<\/p>\n<p>It has a matte finish, so if you would prefer your bracelet to be shiny, please mention this when placing your order.<\/p>\n<p>If you would like this design with a stone set in it, you can <a href=\"https:\/\/cucharatenedor.com\/en\/contact\/\">contact me <\/a>Together we will choose the stone that best suits what you are looking for, and we will create a unique design for you.<\/p>","protected":false},"excerpt":{"rendered":"<p>Pulsera creada a mano con una cuchara de cocktel antigua de plata 800, creada utilizando la parte c\u00f3ncava de la cuchara para crear la forma de cola de ballena o de sirena. Al estar creadas a mano, todas las piezas tienen algo que las hace especiales y \u00fanicas, reciclando una cuchara lisa que le da [&hellip;]<\/p>\n","protected":false},"featured_media":1003235,"comment_status":"closed","ping_status":"closed","template":"","meta":[],"product_brand":[],"product_cat":[107,84,148],"product_tag":[149,151,524,87,73,123,525,124,469,75,118,77,113,145,158,526,120,325],"class_list":{"0":"post-1000883","1":"product","2":"type-product","3":"status-publish","4":"has-post-thumbnail","6":"product_cat-joyas-plateadas","7":"product_cat-mermaid-feelings","8":"product_cat-pulseras","9":"product_tag-ajustable","10":"product_tag-brazalete","11":"product_tag-cocktel","12":"product_tag-cola-de-ballena","13":"product_tag-cubiertos-antiguos","14":"product_tag-cuchara","15":"product_tag-cuchara-ballena","16":"product_tag-cuchara-o-tenedor","17":"product_tag-cuchara-plata","18":"product_tag-hecho-a-mano","19":"product_tag-hombre","20":"product_tag-joyeria","21":"product_tag-mujer","22":"product_tag-plata","23":"product_tag-pulsera","24":"product_tag-pulsera-sirena","25":"product_tag-unisex","26":"product_tag-vintage","28":"first","29":"instock","30":"shipping-taxable","31":"purchasable","32":"product-type-simple"},"_links":{"self":[{"href":"https:\/\/cucharatenedor.com\/en\/wp-json\/wp\/v2\/product\/1000883","targetHints":{"allow":["GET"]}}],"collection":[{"href":"https:\/\/cucharatenedor.com\/en\/wp-json\/wp\/v2\/product"}],"about":[{"href":"https:\/\/cucharatenedor.com\/en\/wp-json\/wp\/v2\/types\/product"}],"replies":[{"embeddable":true,"href":"https:\/\/cucharatenedor.com\/en\/wp-json\/wp\/v2\/comments?post=1000883"}],"wp:featuredmedia":[{"embeddable":true,"href":"https:\/\/cucharatenedor.com\/en\/wp-json\/wp\/v2\/media\/1003235"}],"wp:attachment":[{"href":"https:\/\/cucharatenedor.com\/en\/wp-json\/wp\/v2\/media?parent=1000883"}],"wp:term":[{"taxonomy":"product_brand","embeddable":true,"href":"https:\/\/cucharatenedor.com\/en\/wp-json\/wp\/v2\/product_brand?post=1000883"},{"taxonomy":"product_cat","embeddable":true,"href":"https:\/\/cucharatenedor.com\/en\/wp-json\/wp\/v2\/product_cat?post=1000883"},{"taxonomy":"product_tag","embeddable":true,"href":"https:\/\/cucharatenedor.com\/en\/wp-json\/wp\/v2\/product_tag?post=1000883"}],"curies":[{"name":"wp","href":"https:\/\/api.w.org\/{rel}","templated":true}]}}