{"id":1001020,"date":"2025-10-06T12:09:01","date_gmt":"2025-10-06T12:09:01","guid":{"rendered":"https:\/\/cucharatenedor.com\/?post_type=product&#038;p=1001020"},"modified":"2026-03-30T11:04:32","modified_gmt":"2026-03-30T11:04:32","slug":"brass-midi-ring","status":"publish","type":"product","link":"https:\/\/cucharatenedor.com\/en\/anillo-midi-laton\/","title":{"rendered":"Brass midi ring"},"content":{"rendered":"<p>Handcrafted ring made from the prong of an antique brass fork. As they are handmade, each piece has something that makes it special and unique, whether it be the size of the reused prong or the nuances in its texture. This design looks beautiful on its own and also looks great when combined with other rings, for example. It is a midi design, meaning it is created to be worn on the upper part of the finger.<\/p>\n<p>It has a matte finish, so if you want your ring to be shiny, please mention this when placing your order.<\/p>","protected":false},"excerpt":{"rendered":"<p>Anillo creado a mano con la p\u00faa de un tenedor antiguo de lat\u00f3n. Al estar creadas a mano, todas las piezas tienen algo que las hace especiales y \u00fanicas, bien el tama\u00f1o de la p\u00faa reutilizada ser\u00e1 algo diferente, los matices de \u00e9ste en su textura.\u00a0Este dise\u00f1o queda muy bonito llev\u00e1ndolo s\u00f3lo y tambi\u00e9n luce [&hellip;]<\/p>\n","protected":false},"featured_media":1001044,"comment_status":"closed","ping_status":"closed","template":"","meta":[],"product_brand":[],"product_cat":[106,179],"product_tag":[136,196,184,102,75,527,299,182,528,80],"class_list":{"0":"post-1001020","1":"product","2":"type-product","3":"status-publish","4":"has-post-thumbnail","6":"product_cat-anillos","7":"product_cat-laton","8":"product_tag-anillo","9":"product_tag-anillo-dorado","10":"product_tag-anillos","11":"product_tag-dorado","12":"product_tag-hecho-a-mano","13":"product_tag-joya","14":"product_tag-joyas-doradas","15":"product_tag-laton","16":"product_tag-midi","17":"product_tag-pieza-unica","19":"first","20":"instock","21":"shipping-taxable","22":"purchasable","23":"product-type-simple"},"_links":{"self":[{"href":"https:\/\/cucharatenedor.com\/en\/wp-json\/wp\/v2\/product\/1001020","targetHints":{"allow":["GET"]}}],"collection":[{"href":"https:\/\/cucharatenedor.com\/en\/wp-json\/wp\/v2\/product"}],"about":[{"href":"https:\/\/cucharatenedor.com\/en\/wp-json\/wp\/v2\/types\/product"}],"replies":[{"embeddable":true,"href":"https:\/\/cucharatenedor.com\/en\/wp-json\/wp\/v2\/comments?post=1001020"}],"wp:featuredmedia":[{"embeddable":true,"href":"https:\/\/cucharatenedor.com\/en\/wp-json\/wp\/v2\/media\/1001044"}],"wp:attachment":[{"href":"https:\/\/cucharatenedor.com\/en\/wp-json\/wp\/v2\/media?parent=1001020"}],"wp:term":[{"taxonomy":"product_brand","embeddable":true,"href":"https:\/\/cucharatenedor.com\/en\/wp-json\/wp\/v2\/product_brand?post=1001020"},{"taxonomy":"product_cat","embeddable":true,"href":"https:\/\/cucharatenedor.com\/en\/wp-json\/wp\/v2\/product_cat?post=1001020"},{"taxonomy":"product_tag","embeddable":true,"href":"https:\/\/cucharatenedor.com\/en\/wp-json\/wp\/v2\/product_tag?post=1001020"}],"curies":[{"name":"wp","href":"https:\/\/api.w.org\/{rel}","templated":true}]}}