{"id":1001024,"date":"2025-10-06T12:09:01","date_gmt":"2025-10-06T12:09:01","guid":{"rendered":"https:\/\/cucharatenedor.com\/?post_type=product&#038;p=1001024"},"modified":"2026-03-30T11:05:42","modified_gmt":"2026-03-30T11:05:42","slug":"labradorite-triangle-necklace","status":"publish","type":"product","link":"https:\/\/cucharatenedor.com\/en\/collar-triangulo-labradorita\/","title":{"rendered":"Labradorite Triangle Necklace"},"content":{"rendered":"<p>Unique necklace created from the end of a recycled silver teaspoon, modified and cut into a triangular shape. I have also decorated the sacred geometry with an oval-shaped labradorite set in silver with a flat zigzag chain and combined with a 40cm silver chain with an extension up to 45cm.<\/p>\n<h1>LABRADORITE<\/h1>\n<p>Labradorite is truly a beautiful and fascinating mineral. Its charm is evident when we turn it to observe it from the right angle until it flashes its brilliant iridescence \u2014 what some call\u00a0<i>labradorescence<\/i>because it is so typical of him. These sparkles display a range of colours from blue to violet, sometimes with greens, yellows or oranges, depending on the variety, and some rare specimens even display all these colours simultaneously.<\/p>\n<p>It is a highly mystical and protective stone, deflecting unwanted forces from the aura and forming a barrier against negative energies. It can take you to another world or other lives, as it is a very esoteric stone that facilitates initiation into mysteries. Labradorite aligns the physical and etheric bodies, stimulates intuition and psychic gifts. Psychologically, it dispels fears and insecurities. It strengthens faith in the self and trust in the universe. It calms the hyperactive mind and energises the imagination, also bringing contemplation and introspection. Place it on the higher heart chakra or hold it or place it where appropriate.<\/p>\n<p>&nbsp;<\/p>\n<p><strong>MEASURES:<\/strong><\/p>\n<p>Stone measuring 1.8 cm x 1.2 cm<\/p>\n<p>3 x 2.5 cm pendant<\/p>\n<p>40cm silver chain with 45cm extension (if you would prefer a combination with another chain, please send me a private message)<\/p>","protected":false},"excerpt":{"rendered":"<p>Collar \u00fanico creado con el final de una cucharilla de plata reciclada y modificada cortada con forma de tirangulo. La geometr\u00eda sagrada adem\u00e1s la he decorado con una labradora en forma ovalada engastada en plata con un hilo plano con detalle zig zag \u00a0y combinado con una cadena de plata 40cm con extensi\u00f3n hasta 45cm [&hellip;]<\/p>\n","protected":false},"featured_media":1001064,"comment_status":"closed","ping_status":"closed","template":"","meta":[],"product_brand":[],"product_cat":[69,107],"product_tag":[72,537,194,75,77,538,539,168,80,145,264,82],"class_list":{"0":"post-1001024","1":"product","2":"type-product","3":"status-publish","4":"has-post-thumbnail","6":"product_cat-collares","7":"product_cat-joyas-plateadas","8":"product_tag-collar","9":"product_tag-collar-labradorita","10":"product_tag-gema","11":"product_tag-hecho-a-mano","12":"product_tag-joyeria","13":"product_tag-joyeria-de-autor","14":"product_tag-labradora","15":"product_tag-mineral","16":"product_tag-pieza-unica","17":"product_tag-plata","18":"product_tag-propiedades","19":"product_tag-triangulo","21":"first","22":"instock","23":"shipping-taxable","24":"purchasable","25":"product-type-simple"},"_links":{"self":[{"href":"https:\/\/cucharatenedor.com\/en\/wp-json\/wp\/v2\/product\/1001024","targetHints":{"allow":["GET"]}}],"collection":[{"href":"https:\/\/cucharatenedor.com\/en\/wp-json\/wp\/v2\/product"}],"about":[{"href":"https:\/\/cucharatenedor.com\/en\/wp-json\/wp\/v2\/types\/product"}],"replies":[{"embeddable":true,"href":"https:\/\/cucharatenedor.com\/en\/wp-json\/wp\/v2\/comments?post=1001024"}],"wp:featuredmedia":[{"embeddable":true,"href":"https:\/\/cucharatenedor.com\/en\/wp-json\/wp\/v2\/media\/1001064"}],"wp:attachment":[{"href":"https:\/\/cucharatenedor.com\/en\/wp-json\/wp\/v2\/media?parent=1001024"}],"wp:term":[{"taxonomy":"product_brand","embeddable":true,"href":"https:\/\/cucharatenedor.com\/en\/wp-json\/wp\/v2\/product_brand?post=1001024"},{"taxonomy":"product_cat","embeddable":true,"href":"https:\/\/cucharatenedor.com\/en\/wp-json\/wp\/v2\/product_cat?post=1001024"},{"taxonomy":"product_tag","embeddable":true,"href":"https:\/\/cucharatenedor.com\/en\/wp-json\/wp\/v2\/product_tag?post=1001024"}],"curies":[{"name":"wp","href":"https:\/\/api.w.org\/{rel}","templated":true}]}}