{"id":1001029,"date":"2025-10-06T12:09:02","date_gmt":"2025-10-06T12:09:02","guid":{"rendered":"https:\/\/cucharatenedor.com\/?post_type=product&#038;p=1001029"},"modified":"2026-03-26T08:33:56","modified_gmt":"2026-03-26T08:33:56","slug":"amethyst-samsara-ring","status":"publish","type":"product","link":"https:\/\/cucharatenedor.com\/en\/anillo-samsara-amatista\/","title":{"rendered":"Amethyst samsara ring"},"content":{"rendered":"<p>Beautiful, very special ring with an amethyst set on the surface of an antique silver spoon converted into this ring (one-of-a-kind piece).<\/p>\n<p>This ring, like the classic samsara ring, is handmade from the concave part of an antique silver dessert spoon, which is flattened and then modified into a circular shape to transform the old spoon into a unique ring.<\/p>\n<p>I can adjust this ring design to whatever size you need.<\/p>\n<p>It is a beautiful design for lovers of large rings, as it is also extremely comfortable thanks to its very thin back. It has a matte finish, so if you would like your ring to be shiny, please mention this when placing your order.<\/p>\n<p>If you would prefer to have this design made with a different mineral, reusing another type of cutlery made from a different material or one belonging to your family, place a custom order and we will make it happen.<\/p>\n<p>&nbsp;<\/p>","protected":false},"excerpt":{"rendered":"<p>Precioso anillo muy especial con una amatista engastada sobre la superficie de una antigua cuchara de plata convertida en este anillo (pieza \u00fanica) Este anillo, como el cl\u00e1sico anillo samsara, es creado a mano con la parte c\u00f3ncava de una cucharilla antigua de postre de plata, siendo esta aplanada para posteriormente ser modifica en forma [&hellip;]<\/p>\n","protected":false},"featured_media":1001083,"comment_status":"closed","ping_status":"closed","template":"","meta":[],"product_brand":[],"product_cat":[106,107],"product_tag":[326,136,70,123,75,554,168,80,134,247,96],"class_list":{"0":"post-1001029","1":"product","2":"type-product","3":"status-publish","4":"has-post-thumbnail","6":"product_cat-anillos","7":"product_cat-joyas-plateadas","8":"product_tag-amatista","9":"product_tag-anillo","10":"product_tag-artesania","11":"product_tag-cuchara","12":"product_tag-hecho-a-mano","13":"product_tag-joyas-unicas","14":"product_tag-mineral","15":"product_tag-pieza-unica","16":"product_tag-reciclaje-creativo","17":"product_tag-samsara","18":"product_tag-upcycling","20":"first","21":"instock","22":"shipping-taxable","23":"purchasable","24":"product-type-simple"},"_links":{"self":[{"href":"https:\/\/cucharatenedor.com\/en\/wp-json\/wp\/v2\/product\/1001029","targetHints":{"allow":["GET"]}}],"collection":[{"href":"https:\/\/cucharatenedor.com\/en\/wp-json\/wp\/v2\/product"}],"about":[{"href":"https:\/\/cucharatenedor.com\/en\/wp-json\/wp\/v2\/types\/product"}],"replies":[{"embeddable":true,"href":"https:\/\/cucharatenedor.com\/en\/wp-json\/wp\/v2\/comments?post=1001029"}],"wp:featuredmedia":[{"embeddable":true,"href":"https:\/\/cucharatenedor.com\/en\/wp-json\/wp\/v2\/media\/1001083"}],"wp:attachment":[{"href":"https:\/\/cucharatenedor.com\/en\/wp-json\/wp\/v2\/media?parent=1001029"}],"wp:term":[{"taxonomy":"product_brand","embeddable":true,"href":"https:\/\/cucharatenedor.com\/en\/wp-json\/wp\/v2\/product_brand?post=1001029"},{"taxonomy":"product_cat","embeddable":true,"href":"https:\/\/cucharatenedor.com\/en\/wp-json\/wp\/v2\/product_cat?post=1001029"},{"taxonomy":"product_tag","embeddable":true,"href":"https:\/\/cucharatenedor.com\/en\/wp-json\/wp\/v2\/product_tag?post=1001029"}],"curies":[{"name":"wp","href":"https:\/\/api.w.org\/{rel}","templated":true}]}}