{"id":1001033,"date":"2025-10-06T12:09:02","date_gmt":"2025-10-06T12:09:02","guid":{"rendered":"https:\/\/cucharatenedor.com\/?post_type=product&#038;p=1001033"},"modified":"2026-03-30T21:01:26","modified_gmt":"2026-03-30T21:01:26","slug":"ripple-necklace","status":"publish","type":"product","link":"https:\/\/cucharatenedor.com\/en\/collar-rissaga\/","title":{"rendered":"RISSAGA NECKLACE"},"content":{"rendered":"<div class=\"page\" title=\"Page 7\">\n<div class=\"layoutArea\">\n<div class=\"column\">\n<p>This design is inspired by the Media Luna necklace I designed for the Equilibrio Collection in 2020. This time, the necklace is smaller and features hand-embossed lines and an amber or orange microplastic setting. The necklace comes with matching earrings and a ring, created with pellets in the same shade.<\/p>\n<\/div>\n<\/div>\n<\/div>","protected":false},"excerpt":{"rendered":"<p>Este dise\u00f1o viene inspirado en el modelo de collar Media luna que dise\u00f1\u00e9 para la Colecci\u00f3n Equilibrio en 2020, en esta ocasi\u00f3n el tama\u00f1o del dise\u00f1o del collar es inferior y lleva unos detalles de l\u00edneas repujadas a mano y el engaste de un micropl\u00e1stico de color ambar o naranja. Collar acompa\u00f1ado de unos pendientes [&hellip;]<\/p>\n","protected":false},"featured_media":1001101,"comment_status":"closed","ping_status":"closed","template":"","meta":[],"product_brand":[],"product_cat":[69,107],"product_tag":[72,564,75,500,111,112,565,566,145,81],"class_list":{"0":"post-1001033","1":"product","2":"type-product","3":"status-publish","4":"has-post-thumbnail","6":"product_cat-collares","7":"product_cat-joyas-plateadas","8":"product_tag-collar","9":"product_tag-collar-plata","10":"product_tag-hecho-a-mano","11":"product_tag-joyas-del-mar","12":"product_tag-menorca","13":"product_tag-microplastico","14":"product_tag-pellets","15":"product_tag-plastico-naranja","16":"product_tag-plata","17":"product_tag-reciclaje","19":"first","20":"instock","21":"shipping-taxable","22":"purchasable","23":"product-type-simple"},"_links":{"self":[{"href":"https:\/\/cucharatenedor.com\/en\/wp-json\/wp\/v2\/product\/1001033","targetHints":{"allow":["GET"]}}],"collection":[{"href":"https:\/\/cucharatenedor.com\/en\/wp-json\/wp\/v2\/product"}],"about":[{"href":"https:\/\/cucharatenedor.com\/en\/wp-json\/wp\/v2\/types\/product"}],"replies":[{"embeddable":true,"href":"https:\/\/cucharatenedor.com\/en\/wp-json\/wp\/v2\/comments?post=1001033"}],"wp:featuredmedia":[{"embeddable":true,"href":"https:\/\/cucharatenedor.com\/en\/wp-json\/wp\/v2\/media\/1001101"}],"wp:attachment":[{"href":"https:\/\/cucharatenedor.com\/en\/wp-json\/wp\/v2\/media?parent=1001033"}],"wp:term":[{"taxonomy":"product_brand","embeddable":true,"href":"https:\/\/cucharatenedor.com\/en\/wp-json\/wp\/v2\/product_brand?post=1001033"},{"taxonomy":"product_cat","embeddable":true,"href":"https:\/\/cucharatenedor.com\/en\/wp-json\/wp\/v2\/product_cat?post=1001033"},{"taxonomy":"product_tag","embeddable":true,"href":"https:\/\/cucharatenedor.com\/en\/wp-json\/wp\/v2\/product_tag?post=1001033"}],"curies":[{"name":"wp","href":"https:\/\/api.w.org\/{rel}","templated":true}]}}