{"id":1001041,"date":"2025-10-06T12:09:03","date_gmt":"2025-10-06T12:09:03","guid":{"rendered":"https:\/\/cucharatenedor.com\/?post_type=product&#038;p=1001041"},"modified":"2026-03-30T11:00:02","modified_gmt":"2026-03-30T11:00:02","slug":"wave-ring","status":"publish","type":"product","link":"https:\/\/cucharatenedor.com\/en\/anillo-oleaje\/","title":{"rendered":"WAVE RING"},"content":{"rendered":"<div class=\"page\" title=\"Page 17\">\n<div class=\"layoutArea\">\n<div class=\"column\">\n<p>WAVE RING<\/p>\n<\/div>\n<p>Inspired by the wave ring first created in 2022, with the microplastics collection What the sea brought...<\/p>\n<div class=\"column\">\n<p>I present to you the wave ring, created by fusing part of a silver-plated spoon with silver wire and a turquoise-coloured crystal eroded by the waves of the sea, which has been polished to give it its circular shape.<\/p>\n<p>It is a unique piece of jewellery created in size 14, although it could be made in sizes 15 or even 16.<\/p>\n<\/div>\n<\/div>\n<\/div>","protected":false},"excerpt":{"rendered":"<p>ANILLO OLEAJE Inspirado en el anillo oleaje creado por primera vez en 2022, con la colecci\u00f3n de micropl\u00e1sticos Lo que trajo el mar&#8230; Os presento el anillo oleaje, creado fusionando una parte de una cuchara ba\u00f1ada en plata con hilo de plata y un cristal erosionado por las olas del mar, de color azul turquesa, [&hellip;]<\/p>\n","protected":false},"featured_media":1001136,"comment_status":"closed","ping_status":"closed","template":"","meta":[],"product_brand":[],"product_cat":[106,107],"product_tag":[136,584,560,70,75,274,422,77,568,582,243,81,362],"class_list":{"0":"post-1001041","1":"product","2":"type-product","3":"status-publish","4":"has-post-thumbnail","6":"product_cat-anillos","7":"product_cat-joyas-plateadas","8":"product_tag-anillo","9":"product_tag-anillo-oleaje","10":"product_tag-anillo-plata","11":"product_tag-artesania","12":"product_tag-hecho-a-mano","13":"product_tag-hecho-en-menorca","14":"product_tag-joyas","15":"product_tag-joyeria","16":"product_tag-lo-que-trajo-el-mar","17":"product_tag-oleaje","18":"product_tag-plastico","19":"product_tag-reciclaje","20":"product_tag-turquesa","22":"first","23":"instock","24":"shipping-taxable","25":"purchasable","26":"product-type-simple"},"_links":{"self":[{"href":"https:\/\/cucharatenedor.com\/en\/wp-json\/wp\/v2\/product\/1001041","targetHints":{"allow":["GET"]}}],"collection":[{"href":"https:\/\/cucharatenedor.com\/en\/wp-json\/wp\/v2\/product"}],"about":[{"href":"https:\/\/cucharatenedor.com\/en\/wp-json\/wp\/v2\/types\/product"}],"replies":[{"embeddable":true,"href":"https:\/\/cucharatenedor.com\/en\/wp-json\/wp\/v2\/comments?post=1001041"}],"wp:featuredmedia":[{"embeddable":true,"href":"https:\/\/cucharatenedor.com\/en\/wp-json\/wp\/v2\/media\/1001136"}],"wp:attachment":[{"href":"https:\/\/cucharatenedor.com\/en\/wp-json\/wp\/v2\/media?parent=1001041"}],"wp:term":[{"taxonomy":"product_brand","embeddable":true,"href":"https:\/\/cucharatenedor.com\/en\/wp-json\/wp\/v2\/product_brand?post=1001041"},{"taxonomy":"product_cat","embeddable":true,"href":"https:\/\/cucharatenedor.com\/en\/wp-json\/wp\/v2\/product_cat?post=1001041"},{"taxonomy":"product_tag","embeddable":true,"href":"https:\/\/cucharatenedor.com\/en\/wp-json\/wp\/v2\/product_tag?post=1001041"}],"curies":[{"name":"wp","href":"https:\/\/api.w.org\/{rel}","templated":true}]}}