{"id":1002394,"date":"2025-11-20T10:22:14","date_gmt":"2025-11-20T10:22:14","guid":{"rendered":"https:\/\/cucharatenedor.com\/?post_type=product&#038;p=1002394"},"modified":"2026-04-05T09:32:35","modified_gmt":"2026-04-05T09:32:35","slug":"humpback-whale-necklace","status":"publish","type":"product","link":"https:\/\/cucharatenedor.com\/en\/collar-ballena-jorobada\/","title":{"rendered":"Humpback Whale Necklace"},"content":{"rendered":"<p>Handmade necklace made from an antique silver or alpaca dessert spoon, transformed into a pendant in the shape of a whale or mermaid's fin. The golden model is 24 carat gold plated.<\/p>\n<p>As they are handmade, all the pieces have something that makes them special and unique, some of them will have the shape of the whale a little bit rounder, or different. All the designs have been made based on the same drawing template but you have to take into account that I cut and sand them by hand, and that means that it is not an automatic work or created in series, but each one will have its own particularity that makes them unique.<\/p>\n<p>Having the twist is a necklace design that has more volume than the flat model of the little mermaid whale necklace. This is a very versatile and unisex piece, the fact that the pendant itself has the opening allows you to change the chain for any other chain you have, leather or other different chain.<\/p>\n<p><strong>MEASURES:<\/strong><\/p>\n<p>Width 2.5 x 3 cm Length<\/p>\n<p>Cadena de lat\u00f3n de 45cm (modelo ba\u00f1ado en oro)<\/p>\n<p>Cadena de lat\u00f3n plateado de 45 cm (modelo plata)<\/p>","protected":false},"excerpt":{"rendered":"<p>Collar hecho a mano con una cucharilla de postre antigua de plata o alpaca, transformada en un colgante con forma de aleta de ballena o de sirena. El modelo dorado es ba\u00f1ado en oro de 24 kilates. Al estar creadas a mano, todas las piezas tienen algo que las hace especiales y \u00fanicas, algunas tendr\u00e1n [&hellip;]<\/p>\n","protected":false},"featured_media":1002884,"comment_status":"closed","ping_status":"closed","template":"","meta":[],"product_brand":[],"product_cat":[69,67,107,84,593,131,592,589],"product_tag":[87,251,72,355,356,123,208,75,119,78,134,357,91,92],"class_list":{"0":"post-1002394","1":"product","2":"type-product","3":"status-publish","4":"has-post-thumbnail","6":"product_cat-collares","7":"product_cat-joyas-doradas","8":"product_cat-joyas-plateadas","9":"product_cat-mermaid-feelings","10":"product_cat-para-compartir","11":"product_cat-para-el","12":"product_cat-para-ella","13":"product_cat-para-regalar","14":"product_tag-cola-de-ballena","15":"product_tag-colgante","16":"product_tag-collar","17":"product_tag-collar-ballena-oro","18":"product_tag-collar-cola-de-ballena-dorado","19":"product_tag-cuchara","20":"product_tag-handmade","21":"product_tag-hecho-a-mano","22":"product_tag-mermaid","23":"product_tag-oro","24":"product_tag-reciclaje-creativo","25":"product_tag-reciclaje-cuchara-o-tenedor","26":"product_tag-sirena","27":"product_tag-whale-tale","29":"first","30":"instock","31":"shipping-taxable","32":"purchasable","33":"product-type-variable"},"_links":{"self":[{"href":"https:\/\/cucharatenedor.com\/en\/wp-json\/wp\/v2\/product\/1002394","targetHints":{"allow":["GET"]}}],"collection":[{"href":"https:\/\/cucharatenedor.com\/en\/wp-json\/wp\/v2\/product"}],"about":[{"href":"https:\/\/cucharatenedor.com\/en\/wp-json\/wp\/v2\/types\/product"}],"replies":[{"embeddable":true,"href":"https:\/\/cucharatenedor.com\/en\/wp-json\/wp\/v2\/comments?post=1002394"}],"wp:featuredmedia":[{"embeddable":true,"href":"https:\/\/cucharatenedor.com\/en\/wp-json\/wp\/v2\/media\/1002884"}],"wp:attachment":[{"href":"https:\/\/cucharatenedor.com\/en\/wp-json\/wp\/v2\/media?parent=1002394"}],"wp:term":[{"taxonomy":"product_brand","embeddable":true,"href":"https:\/\/cucharatenedor.com\/en\/wp-json\/wp\/v2\/product_brand?post=1002394"},{"taxonomy":"product_cat","embeddable":true,"href":"https:\/\/cucharatenedor.com\/en\/wp-json\/wp\/v2\/product_cat?post=1002394"},{"taxonomy":"product_tag","embeddable":true,"href":"https:\/\/cucharatenedor.com\/en\/wp-json\/wp\/v2\/product_tag?post=1002394"}],"curies":[{"name":"wp","href":"https:\/\/api.w.org\/{rel}","templated":true}]}}