{"id":1002401,"date":"2025-11-20T10:40:25","date_gmt":"2025-11-20T10:40:25","guid":{"rendered":"https:\/\/cucharatenedor.com\/?post_type=product&#038;p=1002401"},"modified":"2026-03-28T22:23:34","modified_gmt":"2026-03-28T22:23:34","slug":"astro-earrings","status":"publish","type":"product","link":"https:\/\/cucharatenedor.com\/en\/pendientes-astro\/","title":{"rendered":"Astro Earrings"},"content":{"rendered":"<p>Estos pendientes son una evoluci\u00f3n del dise\u00f1o moon, troqueles circulares sacados de una cuchara antigua de plata 800 y a los que les he soldado una bolita de plata, o ba\u00f1ado en oro.<\/p>\n<p>Es un dise\u00f1o b\u00e1sico que puede llevar a diario, el producto est\u00e1 acabado con un perno de plata soldado y tuerca de plata 925 y tambi\u00e9n tienes la opci\u00f3n ba\u00f1ados en oro.<\/p>","protected":false},"excerpt":{"rendered":"<p>Estos pendientes son una evoluci\u00f3n del dise\u00f1o moon, troqueles circulares sacados de una cuchara antigua de plata 800 y a los que les he soldado una bolita de plata, o ba\u00f1ado en oro. Es un dise\u00f1o b\u00e1sico que puede llevar a diario, el producto est\u00e1 acabado con un perno de plata soldado y tuerca de [&hellip;]<\/p>\n","protected":false},"featured_media":1000501,"comment_status":"closed","ping_status":"closed","template":"","meta":[],"product_brand":[],"product_cat":[173,67,107],"product_tag":[98,180,448,75,225,109,449,450,343],"class_list":{"0":"post-1002401","1":"product","2":"type-product","3":"status-publish","4":"has-post-thumbnail","6":"product_cat-pendientes","7":"product_cat-joyas-doradas","8":"product_cat-joyas-plateadas","9":"product_tag-bano-en-oro","10":"product_tag-earrings","11":"product_tag-golden-earring","12":"product_tag-hecho-a-mano","13":"product_tag-joyeria-con-cubiertos","14":"product_tag-joyeria-creativa","15":"product_tag-pendientes-astro","16":"product_tag-pendientes-banado-en-oro","17":"product_tag-pendientes-pequenos","19":"first","20":"instock","21":"shipping-taxable","22":"purchasable","23":"product-type-variable"},"_links":{"self":[{"href":"https:\/\/cucharatenedor.com\/en\/wp-json\/wp\/v2\/product\/1002401","targetHints":{"allow":["GET"]}}],"collection":[{"href":"https:\/\/cucharatenedor.com\/en\/wp-json\/wp\/v2\/product"}],"about":[{"href":"https:\/\/cucharatenedor.com\/en\/wp-json\/wp\/v2\/types\/product"}],"replies":[{"embeddable":true,"href":"https:\/\/cucharatenedor.com\/en\/wp-json\/wp\/v2\/comments?post=1002401"}],"wp:featuredmedia":[{"embeddable":true,"href":"https:\/\/cucharatenedor.com\/en\/wp-json\/wp\/v2\/media\/1000501"}],"wp:attachment":[{"href":"https:\/\/cucharatenedor.com\/en\/wp-json\/wp\/v2\/media?parent=1002401"}],"wp:term":[{"taxonomy":"product_brand","embeddable":true,"href":"https:\/\/cucharatenedor.com\/en\/wp-json\/wp\/v2\/product_brand?post=1002401"},{"taxonomy":"product_cat","embeddable":true,"href":"https:\/\/cucharatenedor.com\/en\/wp-json\/wp\/v2\/product_cat?post=1002401"},{"taxonomy":"product_tag","embeddable":true,"href":"https:\/\/cucharatenedor.com\/en\/wp-json\/wp\/v2\/product_tag?post=1002401"}],"curies":[{"name":"wp","href":"https:\/\/api.w.org\/{rel}","templated":true}]}}