{"id":1002407,"date":"2025-11-20T10:50:44","date_gmt":"2025-11-20T10:50:44","guid":{"rendered":"https:\/\/cucharatenedor.com\/?post_type=product&#038;p=1002407"},"modified":"2026-03-26T17:40:27","modified_gmt":"2026-03-26T17:40:27","slug":"cosmos-earrings","status":"publish","type":"product","link":"https:\/\/cucharatenedor.com\/en\/pendientes-cosmos\/","title":{"rendered":"Cosmos Earrings"},"content":{"rendered":"<p>Earrings created with several circular dies taken from an antique silver plated spoon, in the case of the golden design they are the same model of earrings but with a 24 carat gold plating and 3 microns.<\/p>\n<p>These earrings are inspired by the Moon Earrings design, this model came from this other one combining two and the name is the same as the other designs created with these dies inspired by the Universe.<\/p>","protected":false},"excerpt":{"rendered":"<p>Pendientes creados con varios troqueles circulares sacados de una cuchara antigua ba\u00f1ada en plata, en el caso del dise\u00f1o dorado son el mismo modelo de pendientes pero con un ba\u00f1o en oro de 24 kilates y 3 micras. Estos pendientes vienen inspirados del dise\u00f1o Pendientes Moon, este modelo surgi\u00f3 este otro combinando dos y el [&hellip;]<\/p>\n","protected":false},"featured_media":1000610,"comment_status":"closed","ping_status":"closed","template":"","meta":[],"product_brand":[],"product_cat":[173,67,107],"product_tag":[341,342,73,124,180,75,109,157,176,343,263,145,344],"class_list":{"0":"post-1002407","1":"product","2":"type-product","3":"status-publish","4":"has-post-thumbnail","6":"product_cat-pendientes","7":"product_cat-joyas-doradas","8":"product_cat-joyas-plateadas","9":"product_tag-boton","10":"product_tag-cosmos","11":"product_tag-cubiertos-antiguos","12":"product_tag-cuchara-o-tenedor","13":"product_tag-earrings","14":"product_tag-hecho-a-mano","15":"product_tag-joyeria-creativa","16":"product_tag-joyeria-reciclando","17":"product_tag-pendientes","18":"product_tag-pendientes-pequenos","19":"product_tag-piezas-unicas","20":"product_tag-plata","21":"product_tag-reciclaje-cubiertos","23":"first","24":"instock","25":"shipping-taxable","26":"purchasable","27":"product-type-variable"},"_links":{"self":[{"href":"https:\/\/cucharatenedor.com\/en\/wp-json\/wp\/v2\/product\/1002407","targetHints":{"allow":["GET"]}}],"collection":[{"href":"https:\/\/cucharatenedor.com\/en\/wp-json\/wp\/v2\/product"}],"about":[{"href":"https:\/\/cucharatenedor.com\/en\/wp-json\/wp\/v2\/types\/product"}],"replies":[{"embeddable":true,"href":"https:\/\/cucharatenedor.com\/en\/wp-json\/wp\/v2\/comments?post=1002407"}],"wp:featuredmedia":[{"embeddable":true,"href":"https:\/\/cucharatenedor.com\/en\/wp-json\/wp\/v2\/media\/1000610"}],"wp:attachment":[{"href":"https:\/\/cucharatenedor.com\/en\/wp-json\/wp\/v2\/media?parent=1002407"}],"wp:term":[{"taxonomy":"product_brand","embeddable":true,"href":"https:\/\/cucharatenedor.com\/en\/wp-json\/wp\/v2\/product_brand?post=1002407"},{"taxonomy":"product_cat","embeddable":true,"href":"https:\/\/cucharatenedor.com\/en\/wp-json\/wp\/v2\/product_cat?post=1002407"},{"taxonomy":"product_tag","embeddable":true,"href":"https:\/\/cucharatenedor.com\/en\/wp-json\/wp\/v2\/product_tag?post=1002407"}],"curies":[{"name":"wp","href":"https:\/\/api.w.org\/{rel}","templated":true}]}}