{"id":1002410,"date":"2025-11-20T11:23:21","date_gmt":"2025-11-20T11:23:21","guid":{"rendered":"https:\/\/cucharatenedor.com\/?post_type=product&#038;p=1002410"},"modified":"2026-03-28T22:20:42","modified_gmt":"2026-03-28T22:20:42","slug":"hoop-earrings-2","status":"publish","type":"product","link":"https:\/\/cucharatenedor.com\/en\/pendientes-hoops\/","title":{"rendered":"Hoop Earrings"},"content":{"rendered":"<p>These earrings are the classic fork tine earrings, one of my favourites and one of the first designs to come with this brand! A design created with a silver or gold plated fork tine, which hangs inside a 1cm gold plated silver ring.<\/p>\n<p>All spoon and fork designs are handmade from reused antique cutlery, so the measurements of the designs may vary slightly depending on the cutlery used. In this design, the prong measures 4.5 cm, so the total length of the earring is 5.5 cm.<\/p>\n<p>These earrings are very light and comfortable to wear every day, with a touch of elegance and personality.<\/p>","protected":false},"excerpt":{"rendered":"<p>Estos pendientes son el cl\u00e1sico modelo con las puas de tenedor, uno de mis favoritos y de los primeros dise\u00f1os que nos acompa\u00f1an en esta marca! Un dise\u00f1o creado con una p\u00faa de un tenedor de plata o ba\u00f1ado en oro, que cuelga dentro de un aro de 1cm de plata ba\u00f1ado en oro. Todos [&hellip;]<\/p>\n","protected":false},"featured_media":1000798,"comment_status":"closed","ping_status":"closed","template":"","meta":[],"product_brand":[],"product_cat":[67,173],"product_tag":[421,98,102,180,334,75,318,422,77,176],"class_list":{"0":"post-1002410","1":"product","2":"type-product","3":"status-publish","4":"has-post-thumbnail","6":"product_cat-joyas-doradas","7":"product_cat-pendientes","8":"product_tag-aro","9":"product_tag-bano-en-oro","10":"product_tag-dorado","11":"product_tag-earrings","12":"product_tag-gold","13":"product_tag-hecho-a-mano","14":"product_tag-hoops","15":"product_tag-joyas","16":"product_tag-joyeria","17":"product_tag-pendientes","19":"first","20":"instock","21":"shipping-taxable","22":"purchasable","23":"product-type-variable"},"_links":{"self":[{"href":"https:\/\/cucharatenedor.com\/en\/wp-json\/wp\/v2\/product\/1002410","targetHints":{"allow":["GET"]}}],"collection":[{"href":"https:\/\/cucharatenedor.com\/en\/wp-json\/wp\/v2\/product"}],"about":[{"href":"https:\/\/cucharatenedor.com\/en\/wp-json\/wp\/v2\/types\/product"}],"replies":[{"embeddable":true,"href":"https:\/\/cucharatenedor.com\/en\/wp-json\/wp\/v2\/comments?post=1002410"}],"wp:featuredmedia":[{"embeddable":true,"href":"https:\/\/cucharatenedor.com\/en\/wp-json\/wp\/v2\/media\/1000798"}],"wp:attachment":[{"href":"https:\/\/cucharatenedor.com\/en\/wp-json\/wp\/v2\/media?parent=1002410"}],"wp:term":[{"taxonomy":"product_brand","embeddable":true,"href":"https:\/\/cucharatenedor.com\/en\/wp-json\/wp\/v2\/product_brand?post=1002410"},{"taxonomy":"product_cat","embeddable":true,"href":"https:\/\/cucharatenedor.com\/en\/wp-json\/wp\/v2\/product_cat?post=1002410"},{"taxonomy":"product_tag","embeddable":true,"href":"https:\/\/cucharatenedor.com\/en\/wp-json\/wp\/v2\/product_tag?post=1002410"}],"curies":[{"name":"wp","href":"https:\/\/api.w.org\/{rel}","templated":true}]}}