{"id":1002413,"date":"2025-11-20T11:29:53","date_gmt":"2025-11-20T11:29:53","guid":{"rendered":"https:\/\/cucharatenedor.com\/?post_type=product&#038;p=1002413"},"modified":"2026-04-01T10:45:48","modified_gmt":"2026-04-01T10:45:48","slug":"little-mermaid-necklace","status":"publish","type":"product","link":"https:\/\/cucharatenedor.com\/en\/collar-little-mermaid\/","title":{"rendered":"Little Mermaid Whale Necklace"},"content":{"rendered":"<p>Handmade necklace with an antique spoon, this model is available in all materials.<\/p>\n<p>Alpaca, 800 silver, 24 carat gold plated and brass. A whale fin or mermaid design combined with a 40 or 45 cm chain. Being handmade, each piece has something that makes it special and unique.<\/p>\n<p>This 24ct gold plated, 3 micron design, the pendant is approximately 2cm wide by 2.5cm high, and comes with a 40cm long chain for the silver and gold plated models, and a 45cm long chain for the brass and nickel silver designs.<\/p>\n<p>If you prefer another type of chain you can contact me by message and we will arrange it.<\/p>","protected":false},"excerpt":{"rendered":"<p>Collar hecho a mano con una cuchara antigua, este modelo est\u00e1 disponible en todos los materiales. Alpaca, plata 800, ba\u00f1ada en oro de 24 kilates y lat\u00f3n. Un dise\u00f1o con forma de aleta de ballena o de sirena combinado con una cadena de 40 o 45 cm. Al estar creadas a mano, todas las piezas [&hellip;]<\/p>\n","protected":false},"featured_media":1003176,"comment_status":"closed","ping_status":"closed","template":"","meta":[],"product_brand":[],"product_cat":[69,67,107,84],"product_tag":[191,98,72,228,123,102,75,77,119,78,81,91],"class_list":{"0":"post-1002413","1":"product","2":"type-product","3":"status-publish","4":"has-post-thumbnail","6":"product_cat-collares","7":"product_cat-joyas-doradas","8":"product_cat-joyas-plateadas","9":"product_cat-mermaid-feelings","10":"product_tag-ballena","11":"product_tag-bano-en-oro","12":"product_tag-collar","13":"product_tag-collares","14":"product_tag-cuchara","15":"product_tag-dorado","16":"product_tag-hecho-a-mano","17":"product_tag-joyeria","18":"product_tag-mermaid","19":"product_tag-oro","20":"product_tag-reciclaje","21":"product_tag-sirena","23":"first","24":"instock","25":"shipping-taxable","26":"purchasable","27":"product-type-variable"},"_links":{"self":[{"href":"https:\/\/cucharatenedor.com\/en\/wp-json\/wp\/v2\/product\/1002413","targetHints":{"allow":["GET"]}}],"collection":[{"href":"https:\/\/cucharatenedor.com\/en\/wp-json\/wp\/v2\/product"}],"about":[{"href":"https:\/\/cucharatenedor.com\/en\/wp-json\/wp\/v2\/types\/product"}],"replies":[{"embeddable":true,"href":"https:\/\/cucharatenedor.com\/en\/wp-json\/wp\/v2\/comments?post=1002413"}],"wp:featuredmedia":[{"embeddable":true,"href":"https:\/\/cucharatenedor.com\/en\/wp-json\/wp\/v2\/media\/1003176"}],"wp:attachment":[{"href":"https:\/\/cucharatenedor.com\/en\/wp-json\/wp\/v2\/media?parent=1002413"}],"wp:term":[{"taxonomy":"product_brand","embeddable":true,"href":"https:\/\/cucharatenedor.com\/en\/wp-json\/wp\/v2\/product_brand?post=1002413"},{"taxonomy":"product_cat","embeddable":true,"href":"https:\/\/cucharatenedor.com\/en\/wp-json\/wp\/v2\/product_cat?post=1002413"},{"taxonomy":"product_tag","embeddable":true,"href":"https:\/\/cucharatenedor.com\/en\/wp-json\/wp\/v2\/product_tag?post=1002413"}],"curies":[{"name":"wp","href":"https:\/\/api.w.org\/{rel}","templated":true}]}}