{"id":1002422,"date":"2025-11-20T12:41:27","date_gmt":"2025-11-20T12:41:27","guid":{"rendered":"https:\/\/cucharatenedor.com\/?post_type=product&#038;p=1002422"},"modified":"2026-04-14T19:53:08","modified_gmt":"2026-04-14T19:53:08","slug":"sperm-whale-necklace","status":"publish","type":"product","link":"https:\/\/cucharatenedor.com\/en\/collar-cachalote\/","title":{"rendered":"Sperm whale necklace"},"content":{"rendered":"<p>Handmade necklace with an antique alpaca or gold plated spoon in the shape of a whale or mermaid fin combined with a gold plated silver chain for the gold model and leather or silver plated brass for the alpaca model. Being handmade, each piece has something that makes it special and unique.<\/p>\n<p>This pendant is 3.2cm wide by 3cm high approximately, and comes with a 45cm long chain, but if you prefer the necklace with another type of chain you can make an order note and ask me for it at the time of purchase. If you choose the leather model, it is an adjustable necklace with a chafita system and you can adjust it to the height you want.<\/p>\n<p>If you would prefer something more personalised, please do not hesitate to contact me.<\/p>\n<p>&nbsp;<\/p>","protected":false},"excerpt":{"rendered":"<p>Collar hecho a mano con una cuchara antigua de alpaca o ba\u00f1ada en oro con forma de aleta de ballena o de sirena combinado con una cadena de plata ba\u00f1ado en oro para el modelo dorado y de cuero o de lat\u00f3n con ba\u00f1o en plata para el modelo de alpaca. Al estar creadas a [&hellip;]<\/p>\n","protected":false},"featured_media":1002933,"comment_status":"closed","ping_status":"closed","template":"","meta":[],"product_brand":[],"product_cat":[69,67,107,84],"product_tag":[86,191,98,371,87,795,372,121,585,163,373,208,75,209,80,127],"class_list":{"0":"post-1002422","1":"product","2":"type-product","3":"status-publish","4":"has-post-thumbnail","6":"product_cat-collares","7":"product_cat-joyas-doradas","8":"product_cat-joyas-plateadas","9":"product_cat-mermaid-feelings","10":"product_tag-alpaca","11":"product_tag-ballena","12":"product_tag-bano-en-oro","13":"product_tag-cetaceos","14":"product_tag-cola-de-ballena","15":"product_tag-collar-artesanal","16":"product_tag-collar-ballena-bano-en-oro","17":"product_tag-collar-cola-de-ballena","18":"product_tag-collar-del-mar","19":"product_tag-collar-dorado","20":"product_tag-handcrafted","21":"product_tag-handmade","22":"product_tag-hecho-a-mano","23":"product_tag-jewellery","24":"product_tag-pieza-unica","25":"product_tag-slowmade","27":"first","28":"instock","29":"shipping-taxable","30":"purchasable","31":"product-type-variable"},"_links":{"self":[{"href":"https:\/\/cucharatenedor.com\/en\/wp-json\/wp\/v2\/product\/1002422","targetHints":{"allow":["GET"]}}],"collection":[{"href":"https:\/\/cucharatenedor.com\/en\/wp-json\/wp\/v2\/product"}],"about":[{"href":"https:\/\/cucharatenedor.com\/en\/wp-json\/wp\/v2\/types\/product"}],"replies":[{"embeddable":true,"href":"https:\/\/cucharatenedor.com\/en\/wp-json\/wp\/v2\/comments?post=1002422"}],"wp:featuredmedia":[{"embeddable":true,"href":"https:\/\/cucharatenedor.com\/en\/wp-json\/wp\/v2\/media\/1002933"}],"wp:attachment":[{"href":"https:\/\/cucharatenedor.com\/en\/wp-json\/wp\/v2\/media?parent=1002422"}],"wp:term":[{"taxonomy":"product_brand","embeddable":true,"href":"https:\/\/cucharatenedor.com\/en\/wp-json\/wp\/v2\/product_brand?post=1002422"},{"taxonomy":"product_cat","embeddable":true,"href":"https:\/\/cucharatenedor.com\/en\/wp-json\/wp\/v2\/product_cat?post=1002422"},{"taxonomy":"product_tag","embeddable":true,"href":"https:\/\/cucharatenedor.com\/en\/wp-json\/wp\/v2\/product_tag?post=1002422"}],"curies":[{"name":"wp","href":"https:\/\/api.w.org\/{rel}","templated":true}]}}