{"id":1002425,"date":"2025-11-20T12:51:08","date_gmt":"2025-11-20T12:51:08","guid":{"rendered":"https:\/\/cucharatenedor.com\/?post_type=product&#038;p=1002425"},"modified":"2026-04-02T18:52:14","modified_gmt":"2026-04-02T18:52:14","slug":"guah-ring","status":"publish","type":"product","link":"https:\/\/cucharatenedor.com\/en\/anillo-guah\/","title":{"rendered":"G\u00fcah ring"},"content":{"rendered":"<p>Ring made from the tine of an old fork that has been recycled and given a new life by hand.<\/p>\n<p>This model is available in silver, alpaca, brass and 24kt gold plated.<\/p>\n<p>As it is created with a fork tine, if the diameter for the ring is too large, the model would be open as it is a ring model created without soldering.<\/p>\n<p>It is also very nice to combine 2 or 3 g\u00fcah rings, of the same or different material.<\/p>","protected":false},"excerpt":{"rendered":"<p>Anillo creado con la p\u00faa de un tenedor antiguo reciclado para darle una nueva vida artesanalmente. Es un modelo disponible en plata, alpaca, lat\u00f3n y ba\u00f1o en oro de 24 kt. Al estar creado con una p\u00faa de un tenedor, si el di\u00e1metro para el anillo es muy grande, el modelo quedar\u00eda abierto ya que [&hellip;]<\/p>\n","protected":false},"featured_media":1003045,"comment_status":"closed","ping_status":"closed","template":"","meta":[],"product_brand":[],"product_cat":[106,67,107],"product_tag":[136,205,358,208,75,359,360,145,81,323,127,162,361,362],"class_list":{"0":"post-1002425","1":"product","2":"type-product","3":"status-publish","4":"has-post-thumbnail","6":"product_cat-anillos","7":"product_cat-joyas-doradas","8":"product_cat-joyas-plateadas","9":"product_tag-anillo","10":"product_tag-cubiertos-vintage","11":"product_tag-gota","12":"product_tag-handmade","13":"product_tag-hecho-a-mano","14":"product_tag-joyeria-sostenible","15":"product_tag-mindfully","16":"product_tag-plata","17":"product_tag-reciclaje","18":"product_tag-silver","19":"product_tag-slowmade","20":"product_tag-tenedor","21":"product_tag-tinyfork","22":"product_tag-turquesa","24":"first","25":"instock","26":"shipping-taxable","27":"purchasable","28":"product-type-variable"},"_links":{"self":[{"href":"https:\/\/cucharatenedor.com\/en\/wp-json\/wp\/v2\/product\/1002425","targetHints":{"allow":["GET"]}}],"collection":[{"href":"https:\/\/cucharatenedor.com\/en\/wp-json\/wp\/v2\/product"}],"about":[{"href":"https:\/\/cucharatenedor.com\/en\/wp-json\/wp\/v2\/types\/product"}],"replies":[{"embeddable":true,"href":"https:\/\/cucharatenedor.com\/en\/wp-json\/wp\/v2\/comments?post=1002425"}],"wp:featuredmedia":[{"embeddable":true,"href":"https:\/\/cucharatenedor.com\/en\/wp-json\/wp\/v2\/media\/1003045"}],"wp:attachment":[{"href":"https:\/\/cucharatenedor.com\/en\/wp-json\/wp\/v2\/media?parent=1002425"}],"wp:term":[{"taxonomy":"product_brand","embeddable":true,"href":"https:\/\/cucharatenedor.com\/en\/wp-json\/wp\/v2\/product_brand?post=1002425"},{"taxonomy":"product_cat","embeddable":true,"href":"https:\/\/cucharatenedor.com\/en\/wp-json\/wp\/v2\/product_cat?post=1002425"},{"taxonomy":"product_tag","embeddable":true,"href":"https:\/\/cucharatenedor.com\/en\/wp-json\/wp\/v2\/product_tag?post=1002425"}],"curies":[{"name":"wp","href":"https:\/\/api.w.org\/{rel}","templated":true}]}}