{"id":1002450,"date":"2025-11-20T13:55:07","date_gmt":"2025-11-20T13:55:07","guid":{"rendered":"https:\/\/cucharatenedor.com\/?post_type=product&#038;p=1002450"},"modified":"2026-04-05T08:39:09","modified_gmt":"2026-04-05T08:39:09","slug":"moon-phase-necklace","status":"publish","type":"product","link":"https:\/\/cucharatenedor.com\/en\/collar-fase-lunar\/","title":{"rendered":"Moon Phase Necklace"},"content":{"rendered":"<p>This necklace is inspired by the moon, its constant movement, its cycles and lunar phases, as its name suggests, making it a necklace inspired by both women and the nature of our cycles.<\/p>\n<p>This design is created with a tine from an antique fork and a \u00abdie\u00bb taken from an antique spoon. The symbolism of this pendant is very intense.<\/p>\n<p>Model available in silver, gold plated and alpaca.<\/p>\n<p>&nbsp;<\/p>\n<p>&nbsp;<\/p>","protected":false},"excerpt":{"rendered":"<p>Este collar est\u00e1 inspirado en la luna, su constante movimiento, sus ciclos y las fases lunares, como su nombre indica, por lo que es un collar al mismo tiempo inspirado en la mujer y en la naturaleza de nuestros ciclos. Este dise\u00f1o est\u00e1 creado con una p\u00faa de un tenedor antiguo y un \u00abtroquel\u00bb sacado [&hellip;]<\/p>\n","protected":false},"featured_media":1000418,"comment_status":"closed","ping_status":"closed","template":"","meta":[],"product_brand":[],"product_cat":[83,69,107],"product_tag":[86,248,249,250,251,72,252,253,208,75,126,254,255,256,113,134,257,258,259,260],"class_list":{"0":"post-1002450","1":"product","2":"type-product","3":"status-publish","4":"has-post-thumbnail","6":"product_cat-alpaca","7":"product_cat-collares","8":"product_cat-joyas-plateadas","9":"product_tag-alpaca","10":"product_tag-amuleto","11":"product_tag-astrologia","12":"product_tag-ciclos","13":"product_tag-colgante","14":"product_tag-collar","15":"product_tag-empoderamiento-femenino","16":"product_tag-fase-lunar","17":"product_tag-handmade","18":"product_tag-hecho-a-mano","19":"product_tag-joyeria-con-mensaje","20":"product_tag-luna","21":"product_tag-mindfull-jewellery","22":"product_tag-moon-phases-necklace","23":"product_tag-mujer","24":"product_tag-reciclaje-creativo","25":"product_tag-reciclaje-cubierto","26":"product_tag-simbolismo","27":"product_tag-woman","28":"product_tag-women-power","30":"first","31":"instock","32":"shipping-taxable","33":"purchasable","34":"product-type-variable"},"_links":{"self":[{"href":"https:\/\/cucharatenedor.com\/en\/wp-json\/wp\/v2\/product\/1002450","targetHints":{"allow":["GET"]}}],"collection":[{"href":"https:\/\/cucharatenedor.com\/en\/wp-json\/wp\/v2\/product"}],"about":[{"href":"https:\/\/cucharatenedor.com\/en\/wp-json\/wp\/v2\/types\/product"}],"replies":[{"embeddable":true,"href":"https:\/\/cucharatenedor.com\/en\/wp-json\/wp\/v2\/comments?post=1002450"}],"wp:featuredmedia":[{"embeddable":true,"href":"https:\/\/cucharatenedor.com\/en\/wp-json\/wp\/v2\/media\/1000418"}],"wp:attachment":[{"href":"https:\/\/cucharatenedor.com\/en\/wp-json\/wp\/v2\/media?parent=1002450"}],"wp:term":[{"taxonomy":"product_brand","embeddable":true,"href":"https:\/\/cucharatenedor.com\/en\/wp-json\/wp\/v2\/product_brand?post=1002450"},{"taxonomy":"product_cat","embeddable":true,"href":"https:\/\/cucharatenedor.com\/en\/wp-json\/wp\/v2\/product_cat?post=1002450"},{"taxonomy":"product_tag","embeddable":true,"href":"https:\/\/cucharatenedor.com\/en\/wp-json\/wp\/v2\/product_tag?post=1002450"}],"curies":[{"name":"wp","href":"https:\/\/api.w.org\/{rel}","templated":true}]}}