{"id":1002454,"date":"2025-11-20T14:07:49","date_gmt":"2025-11-20T14:07:49","guid":{"rendered":"https:\/\/cucharatenedor.com\/?post_type=product&#038;p=1002454"},"modified":"2026-04-04T22:16:32","modified_gmt":"2026-04-04T22:16:32","slug":"samsara-ring","status":"publish","type":"product","link":"https:\/\/cucharatenedor.com\/en\/anillo-samsara\/","title":{"rendered":"Samsara Ring"},"content":{"rendered":"<p>Ring available in various materials, in silver, gold plated and brass. This ring is handmade from the concave part of an antique dessert spoon, which is flattened and then modified into a circular shape to turn the old spoon into a unique ring.<\/p>\n<p>I can adjust this ring design to whatever size you need.<\/p>\n<p>It is a beautiful design for lovers of large rings and it is super comfortable as it is very thin at the back. It is finished in a matte tone, so if you want your ring to be shiny, please make a comment when ordering.<\/p>\n<p>If you would prefer to obtain this design by reusing another type of fork made from a different material or one belonging to your family, place a custom order and we will carry it out together.<\/p>\n<p>&nbsp;<\/p>","protected":false},"excerpt":{"rendered":"<p>Anillo disponible en varios materiales, en plata, ba\u00f1o en oro y lat\u00f3n. Este anillo est\u00e1 creado a mano con la parte c\u00f3ncava de una cucharilla antigua de postre, siendo esta aplanada para posteriormente ser modifica en forma circular para convertir la antigua cuchara en un anillo \u00fanico. Este dise\u00f1o de anillo puedo ajustarlo a la [&hellip;]<\/p>\n","protected":false},"featured_media":1000348,"comment_status":"closed","ping_status":"closed","template":"","meta":[],"product_brand":[],"product_cat":[106,67,107],"product_tag":[136,184,160,152,74,214,155,143,156,75,77,144,145,134,187],"class_list":{"0":"post-1002454","1":"product","2":"type-product","3":"status-publish","4":"has-post-thumbnail","6":"product_cat-anillos","7":"product_cat-joyas-doradas","8":"product_cat-joyas-plateadas","9":"product_tag-anillo","10":"product_tag-anillos","11":"product_tag-bano-en-plata","12":"product_tag-cuberteria-antigua","13":"product_tag-cuchara-tenedor","14":"product_tag-cucharilla-postre","15":"product_tag-detalle-cubierto","16":"product_tag-detalles","17":"product_tag-detalles-antiguos","18":"product_tag-hecho-a-mano","19":"product_tag-joyeria","20":"product_tag-mango","21":"product_tag-plata","22":"product_tag-reciclaje-creativo","23":"product_tag-ring","25":"first","26":"instock","27":"shipping-taxable","28":"purchasable","29":"product-type-variable"},"_links":{"self":[{"href":"https:\/\/cucharatenedor.com\/en\/wp-json\/wp\/v2\/product\/1002454","targetHints":{"allow":["GET"]}}],"collection":[{"href":"https:\/\/cucharatenedor.com\/en\/wp-json\/wp\/v2\/product"}],"about":[{"href":"https:\/\/cucharatenedor.com\/en\/wp-json\/wp\/v2\/types\/product"}],"replies":[{"embeddable":true,"href":"https:\/\/cucharatenedor.com\/en\/wp-json\/wp\/v2\/comments?post=1002454"}],"wp:featuredmedia":[{"embeddable":true,"href":"https:\/\/cucharatenedor.com\/en\/wp-json\/wp\/v2\/media\/1000348"}],"wp:attachment":[{"href":"https:\/\/cucharatenedor.com\/en\/wp-json\/wp\/v2\/media?parent=1002454"}],"wp:term":[{"taxonomy":"product_brand","embeddable":true,"href":"https:\/\/cucharatenedor.com\/en\/wp-json\/wp\/v2\/product_brand?post=1002454"},{"taxonomy":"product_cat","embeddable":true,"href":"https:\/\/cucharatenedor.com\/en\/wp-json\/wp\/v2\/product_cat?post=1002454"},{"taxonomy":"product_tag","embeddable":true,"href":"https:\/\/cucharatenedor.com\/en\/wp-json\/wp\/v2\/product_tag?post=1002454"}],"curies":[{"name":"wp","href":"https:\/\/api.w.org\/{rel}","templated":true}]}}