{"id":1002470,"date":"2025-11-20T14:49:03","date_gmt":"2025-11-20T14:49:03","guid":{"rendered":"https:\/\/cucharatenedor.com\/?post_type=product&#038;p=1002470"},"modified":"2026-03-26T17:21:46","modified_gmt":"2026-03-26T17:21:46","slug":"half-moon-earrings","status":"publish","type":"product","link":"https:\/\/cucharatenedor.com\/en\/pendientes-half-moon\/","title":{"rendered":"Half moon earrings"},"content":{"rendered":"<p>These earrings are available in silver or 24 carat gold plated.<\/p>\n<p>It is an earring consisting of a silver or gold-plated silver hoop, from which hangs a part of a large, half-moon shaped spoon, made of 800 silver or alpaca with 24 carat gold plating.<\/p>\n<p>All spoon and fork designs are handmade from reused antique cutlery, so the measurements of the designs may vary slightly depending on the cutlery used. If you would prefer a larger or smaller design, please add a note when placing your order.<\/p>\n<p>These earrings are comfortable, large and elegant at the same time.<\/p>\n<p>MEASURES<\/p>\n<p>Each pair may vary slightly in size, as each pair of these earrings is cut and sanded by hand. They are approximately 4.5 cm long.<\/p>\n<p>You can choose between rings with a diameter of 1 cm (as shown in the main product photo) and 2.5 cm. If you do not include any notes with your order, it will be sent according to the model that has been created.<\/p>\n<p>There are also two types of silver-plated hoops, both of which are 2.5 cm in diameter, but they have different fastening systems. If you would like to choose the combination for your gold-plated Half Moon earrings, simply write a note with your order when you make your purchase.<\/p>","protected":false},"excerpt":{"rendered":"<p>Estos pendientes est\u00e1 disponible en plata o ba\u00f1o en oro de 24 kilates. Es un pendiente compuesto por un aro de plata o plata ba\u00f1ado en oro, del que cuelga una parte de una cuchara grande, con forma de media luna, de plata 800 o de alpaca con un ba\u00f1o en oro de 24 kiltates. [&hellip;]<\/p>\n","protected":false},"featured_media":1000247,"comment_status":"closed","ping_status":"closed","template":"","meta":[],"product_brand":[],"product_cat":[173,67,107],"product_tag":[136,184,160,152,74,155,143,156,75,77,144,145,134,187,211],"class_list":{"0":"post-1002470","1":"product","2":"type-product","3":"status-publish","4":"has-post-thumbnail","6":"product_cat-pendientes","7":"product_cat-joyas-doradas","8":"product_cat-joyas-plateadas","9":"product_tag-anillo","10":"product_tag-anillos","11":"product_tag-bano-en-plata","12":"product_tag-cuberteria-antigua","13":"product_tag-cuchara-tenedor","14":"product_tag-detalle-cubierto","15":"product_tag-detalles","16":"product_tag-detalles-antiguos","17":"product_tag-hecho-a-mano","18":"product_tag-joyeria","19":"product_tag-mango","20":"product_tag-plata","21":"product_tag-reciclaje-creativo","22":"product_tag-ring","23":"product_tag-tenedor-postre","25":"first","26":"instock","27":"shipping-taxable","28":"purchasable","29":"product-type-variable"},"_links":{"self":[{"href":"https:\/\/cucharatenedor.com\/en\/wp-json\/wp\/v2\/product\/1002470","targetHints":{"allow":["GET"]}}],"collection":[{"href":"https:\/\/cucharatenedor.com\/en\/wp-json\/wp\/v2\/product"}],"about":[{"href":"https:\/\/cucharatenedor.com\/en\/wp-json\/wp\/v2\/types\/product"}],"replies":[{"embeddable":true,"href":"https:\/\/cucharatenedor.com\/en\/wp-json\/wp\/v2\/comments?post=1002470"}],"wp:featuredmedia":[{"embeddable":true,"href":"https:\/\/cucharatenedor.com\/en\/wp-json\/wp\/v2\/media\/1000247"}],"wp:attachment":[{"href":"https:\/\/cucharatenedor.com\/en\/wp-json\/wp\/v2\/media?parent=1002470"}],"wp:term":[{"taxonomy":"product_brand","embeddable":true,"href":"https:\/\/cucharatenedor.com\/en\/wp-json\/wp\/v2\/product_brand?post=1002470"},{"taxonomy":"product_cat","embeddable":true,"href":"https:\/\/cucharatenedor.com\/en\/wp-json\/wp\/v2\/product_cat?post=1002470"},{"taxonomy":"product_tag","embeddable":true,"href":"https:\/\/cucharatenedor.com\/en\/wp-json\/wp\/v2\/product_tag?post=1002470"}],"curies":[{"name":"wp","href":"https:\/\/api.w.org\/{rel}","templated":true}]}}